{"id":20515,"date":"2025-11-07T19:04:45","date_gmt":"2025-11-08T00:04:45","guid":{"rendered":"https:\/\/csrsommets.ca\/product\/orthex-coussin-postural-symbia-30\/"},"modified":"2025-11-07T19:04:45","modified_gmt":"2025-11-08T00:04:45","slug":"orthex-coussin-postural-symbia-30","status":"publish","type":"product","link":"https:\/\/csrsommets.ca\/en\/product\/orthex-coussin-postural-symbia-30\/","title":{"rendered":"Orthex \u2013 Coussin postural Symbia 30\u00b0"},"content":{"rendered":"<p data-start=\"601\" data-end=\"1027\">Le <strong data-start=\"604\" data-end=\"642\">coussin postural Orthex Symbia 30\u00b0<\/strong> est sp\u00e9cialement con\u00e7u pour \u00e9lever le haut du corps \u00e0 un angle de <strong data-start=\"709\" data-end=\"722\">30 degr\u00e9s<\/strong>, une inclinaison optimale pour am\u00e9liorer la respiration, r\u00e9duire les sympt\u00f4mes de <strong data-start=\"805\" data-end=\"831\">reflux gastrique (RGO)<\/strong>, limiter les <strong data-start=\"845\" data-end=\"860\">ronflements<\/strong> et apaiser les douleurs cervicales ou dorsales. Il procure une position de repos naturelle, stable et confortable, tout en soutenant le tronc, les \u00e9paules et la t\u00eate.<\/p>\n<h3 data-start=\"1029\" data-end=\"1066\">\ud83d\udd39 Caract\u00e9ristiques principales<\/h3>\n<ul data-start=\"1067\" data-end=\"1595\">\n<li data-start=\"1067\" data-end=\"1144\">\n<p data-start=\"1069\" data-end=\"1144\"><strong data-start=\"1069\" data-end=\"1090\">Inclinaison \u00e0 30\u00b0<\/strong> pour une posture ergonomique et respiratoire id\u00e9ale<\/p>\n<\/li>\n<li data-start=\"1145\" data-end=\"1222\">\n<p data-start=\"1147\" data-end=\"1222\">Soulage les <strong data-start=\"1159\" data-end=\"1220\">reflux gastriques, ronflements et apn\u00e9e du sommeil l\u00e9g\u00e8re<\/strong><\/p>\n<\/li>\n<li data-start=\"1223\" data-end=\"1296\">\n<p data-start=\"1225\" data-end=\"1296\">Am\u00e9liore la <strong data-start=\"1237\" data-end=\"1252\">respiration<\/strong> et la <strong data-start=\"1259\" data-end=\"1274\">circulation<\/strong> en position couch\u00e9e<\/p>\n<\/li>\n<li data-start=\"1297\" data-end=\"1364\">\n<p data-start=\"1299\" data-end=\"1364\">R\u00e9duit les tensions au niveau du <strong data-start=\"1332\" data-end=\"1362\">cou, du dos et des \u00e9paules<\/strong><\/p>\n<\/li>\n<li data-start=\"1365\" data-end=\"1446\">\n<p data-start=\"1367\" data-end=\"1446\"><strong data-start=\"1367\" data-end=\"1391\">Mousse haute densit\u00e9<\/strong> avec couche m\u00e9moire Orthex pour un soutien \u00e9quilibr\u00e9<\/p>\n<\/li>\n<li data-start=\"1447\" data-end=\"1522\">\n<p data-start=\"1449\" data-end=\"1522\"><strong data-start=\"1449\" data-end=\"1482\">Housse en tissu coco et coton<\/strong> douce, respirante et hypoallerg\u00e9nique<\/p>\n<\/li>\n<li data-start=\"1523\" data-end=\"1595\">\n<p data-start=\"1525\" data-end=\"1595\">Design stable, id\u00e9al pour une utilisation au lit ou en convalescence<\/p>\n<\/li>\n<\/ul>\n<h3 data-start=\"1597\" data-end=\"1624\">\ud83d\udd39 Usages recommand\u00e9s<\/h3>\n<ul data-start=\"1625\" data-end=\"1828\">\n<li data-start=\"1625\" data-end=\"1671\">\n<p data-start=\"1627\" data-end=\"1671\">Reflux gastrique (RGO), br\u00fblures d\u2019estomac<\/p>\n<\/li>\n<li data-start=\"1672\" data-end=\"1730\">\n<p data-start=\"1674\" data-end=\"1730\">Apn\u00e9e du sommeil l\u00e9g\u00e8re, ronflement, congestion nasale<\/p>\n<\/li>\n<li data-start=\"1731\" data-end=\"1766\">\n<p data-start=\"1733\" data-end=\"1766\">Douleurs cervicales et dorsales<\/p>\n<\/li>\n<li data-start=\"1767\" data-end=\"1828\">\n<p data-start=\"1769\" data-end=\"1828\">Lecture, relaxation, r\u00e9cup\u00e9ration ou position semi-assise<\/p>\n<\/li>\n<\/ul>\n<h3 data-start=\"1830\" data-end=\"1861\">\ud83d\udd39 Informations pratiques<\/h3>\n<ul data-start=\"1862\" data-end=\"2024\">\n<li data-start=\"1862\" data-end=\"1887\">\n<p data-start=\"1864\" data-end=\"1887\">Inclinaison : <strong data-start=\"1878\" data-end=\"1885\">30\u00b0<\/strong><\/p>\n<\/li>\n<li data-start=\"1888\" data-end=\"1918\">\n<p data-start=\"1890\" data-end=\"1918\">Housse amovible et lavable<\/p>\n<\/li>\n<li data-start=\"1919\" data-end=\"1946\">\n<p data-start=\"1921\" data-end=\"1946\">Fabriqu\u00e9 au Canada \ud83c\udde8\ud83c\udde6<\/p>\n<\/li>\n<li data-start=\"1947\" data-end=\"2024\">\n<p data-start=\"1949\" data-end=\"2024\">Compatible avec les oreillers ergonomiques Orthex pour un confort complet<\/p>\n<\/li>\n<\/ul>\n<hr data-start=\"2026\" data-end=\"2029\" \/>\n<h2 data-start=\"2031\" data-end=\"2048\">\ud83d\udce6 <strong data-start=\"2037\" data-end=\"2048\">Contenu<\/strong><\/h2>\n<ul data-start=\"2049\" data-end=\"2125\">\n<li data-start=\"2049\" data-end=\"2089\">\n<p data-start=\"2051\" data-end=\"2089\">1 coussin postural Orthex Symbia 30\u00b0<\/p>\n<\/li>\n<li data-start=\"2090\" data-end=\"2125\">\n<p data-start=\"2092\" data-end=\"2125\">1 housse amovible et respirante<\/p>\n<\/li>\n<\/ul>\n<hr data-start=\"2127\" data-end=\"2130\" \/>\n<h2 data-start=\"2132\" data-end=\"2151\">\ud83c\udf3f <strong data-start=\"2138\" data-end=\"2151\">Entretien<\/strong><\/h2>\n<ul data-start=\"2152\" data-end=\"2259\">\n<li data-start=\"2152\" data-end=\"2202\">\n<p data-start=\"2154\" data-end=\"2202\">Housse : lavage \u00e0 l\u2019eau froide, s\u00e9chage \u00e0 plat<\/p>\n<\/li>\n<li data-start=\"2203\" data-end=\"2259\">\n<p data-start=\"2205\" data-end=\"2259\">Mousse : nettoyage local uniquement, ne pas immerger<\/p>\n<\/li>\n<\/ul>\n","protected":false},"excerpt":{"rendered":"<p>Le <strong data-start=\"414\" data-end=\"437\">Symbia 30\u00b0 d\u2019Orthex<\/strong> est un coussin postural ergonomique con\u00e7u pour sur\u00e9lever le haut du corps \u00e0 <strong data-start=\"514\" data-end=\"521\">30\u00b0<\/strong>, offrant un soutien optimal pour la respiration, la digestion et la relaxation. Id\u00e9al pour r\u00e9duire le <strong data-start=\"624\" data-end=\"644\">reflux gastrique<\/strong>, am\u00e9liorer la <strong data-start=\"659\" data-end=\"674\">respiration<\/strong> et soulager la <strong data-start=\"690\" data-end=\"722\">tension cervicale et dorsale<\/strong>.<\/p>\n","protected":false},"featured_media":20510,"comment_status":"open","ping_status":"closed","template":"","meta":[],"product_brand":[],"product_cat":[321,323],"product_tag":[],"class_list":{"0":"post-20515","1":"product","2":"type-product","3":"status-publish","4":"has-post-thumbnail","6":"product_cat-wellness","7":"product_cat-postural-cushions-pillows-and-covers","9":"first","10":"instock","11":"taxable","12":"shipping-taxable","13":"purchasable","14":"product-type-variable"},"yoast_head":"<!-- This site is optimized with the Yoast SEO plugin v24.5 - https:\/\/yoast.com\/wordpress\/plugins\/seo\/ -->\n<title>Orthex \u2013 Coussin postural Symbia 30\u00b0 - Clinique de Sant\u00e9 Respiratoire des Sommets<\/title>\n<meta name=\"robots\" content=\"index, follow, max-snippet:-1, max-image-preview:large, max-video-preview:-1\" \/>\n<link rel=\"canonical\" href=\"https:\/\/csrsommets.ca\/en\/product\/orthex-coussin-postural-symbia-30\/\" \/>\n<meta property=\"og:locale\" content=\"en_US\" \/>\n<meta property=\"og:type\" content=\"article\" \/>\n<meta property=\"og:title\" content=\"Orthex \u2013 Coussin postural Symbia 30\u00b0 - Clinique de Sant\u00e9 Respiratoire des Sommets\" \/>\n<meta property=\"og:description\" content=\"Le Symbia 30\u00b0 d\u2019Orthex est un coussin postural ergonomique con\u00e7u pour sur\u00e9lever le haut du corps \u00e0 30\u00b0, offrant un soutien optimal pour la respiration, la digestion et la relaxation. Id\u00e9al pour r\u00e9duire le reflux gastrique, am\u00e9liorer la respiration et soulager la tension cervicale et dorsale.\" \/>\n<meta property=\"og:url\" content=\"https:\/\/csrsommets.ca\/en\/product\/orthex-coussin-postural-symbia-30\/\" \/>\n<meta property=\"og:site_name\" content=\"Clinique de Sant\u00e9 Respiratoire des Sommets\" \/>\n<meta name=\"twitter:card\" content=\"summary_large_image\" \/>\n<meta name=\"twitter:label1\" content=\"Est. reading time\" \/>\n\t<meta name=\"twitter:data1\" content=\"1 minute\" \/>\n<script type=\"application\/ld+json\" class=\"yoast-schema-graph\">{\"@context\":\"https:\/\/schema.org\",\"@graph\":[{\"@type\":\"WebPage\",\"@id\":\"https:\/\/csrsommets.ca\/en\/product\/orthex-coussin-postural-symbia-30\/\",\"url\":\"https:\/\/csrsommets.ca\/en\/product\/orthex-coussin-postural-symbia-30\/\",\"name\":\"Orthex \u2013 Coussin postural Symbia 30\u00b0 - Clinique de Sant\u00e9 Respiratoire des Sommets\",\"isPartOf\":{\"@id\":\"https:\/\/csrsommets.ca\/en\/#website\"},\"primaryImageOfPage\":{\"@id\":\"https:\/\/csrsommets.ca\/en\/product\/orthex-coussin-postural-symbia-30\/#primaryimage\"},\"image\":{\"@id\":\"https:\/\/csrsommets.ca\/en\/product\/orthex-coussin-postural-symbia-30\/#primaryimage\"},\"thumbnailUrl\":\"https:\/\/csrsommets.ca\/wp-content\/uploads\/2025\/11\/SYM30_Diag-3-scaled-1.jpg\",\"datePublished\":\"2025-11-08T00:04:45+00:00\",\"breadcrumb\":{\"@id\":\"https:\/\/csrsommets.ca\/en\/product\/orthex-coussin-postural-symbia-30\/#breadcrumb\"},\"inLanguage\":\"en-US\",\"potentialAction\":[{\"@type\":\"ReadAction\",\"target\":[\"https:\/\/csrsommets.ca\/en\/product\/orthex-coussin-postural-symbia-30\/\"]}]},{\"@type\":\"ImageObject\",\"inLanguage\":\"en-US\",\"@id\":\"https:\/\/csrsommets.ca\/en\/product\/orthex-coussin-postural-symbia-30\/#primaryimage\",\"url\":\"https:\/\/csrsommets.ca\/wp-content\/uploads\/2025\/11\/SYM30_Diag-3-scaled-1.jpg\",\"contentUrl\":\"https:\/\/csrsommets.ca\/wp-content\/uploads\/2025\/11\/SYM30_Diag-3-scaled-1.jpg\",\"width\":2560,\"height\":2560},{\"@type\":\"BreadcrumbList\",\"@id\":\"https:\/\/csrsommets.ca\/en\/product\/orthex-coussin-postural-symbia-30\/#breadcrumb\",\"itemListElement\":[{\"@type\":\"ListItem\",\"position\":1,\"name\":\"Accueil\",\"item\":\"https:\/\/csrsommets.ca\/en\/\"},{\"@type\":\"ListItem\",\"position\":2,\"name\":\"Shop\",\"item\":\"https:\/\/csrsommets.ca\/en\/shop\/\"},{\"@type\":\"ListItem\",\"position\":3,\"name\":\"Orthex \u2013 Coussin postural Symbia 30\u00b0\"}]},{\"@type\":\"WebSite\",\"@id\":\"https:\/\/csrsommets.ca\/en\/#website\",\"url\":\"https:\/\/csrsommets.ca\/en\/\",\"name\":\"Clinique de Sant\u00e9 Respiratoire des Sommets\",\"description\":\"Retrouvez votre vie\",\"publisher\":{\"@id\":\"https:\/\/csrsommets.ca\/en\/#organization\"},\"potentialAction\":[{\"@type\":\"SearchAction\",\"target\":{\"@type\":\"EntryPoint\",\"urlTemplate\":\"https:\/\/csrsommets.ca\/en\/?s={search_term_string}\"},\"query-input\":{\"@type\":\"PropertyValueSpecification\",\"valueRequired\":true,\"valueName\":\"search_term_string\"}}],\"inLanguage\":\"en-US\"},{\"@type\":\"Organization\",\"@id\":\"https:\/\/csrsommets.ca\/en\/#organization\",\"name\":\"Clinique de Sant\u00e9 Respiratoire des Sommets\",\"url\":\"https:\/\/csrsommets.ca\/en\/\",\"logo\":{\"@type\":\"ImageObject\",\"inLanguage\":\"en-US\",\"@id\":\"https:\/\/csrsommets.ca\/en\/#\/schema\/logo\/image\/\",\"url\":\"https:\/\/csrsommets.ca\/wp-content\/uploads\/2021\/10\/clinique-sante-respiratoire-des-sommets_logo.webp\",\"contentUrl\":\"https:\/\/csrsommets.ca\/wp-content\/uploads\/2021\/10\/clinique-sante-respiratoire-des-sommets_logo.webp\",\"width\":793,\"height\":186,\"caption\":\"Clinique de Sant\u00e9 Respiratoire des Sommets\"},\"image\":{\"@id\":\"https:\/\/csrsommets.ca\/en\/#\/schema\/logo\/image\/\"}}]}<\/script>\n<!-- \/ Yoast SEO plugin. -->","yoast_head_json":{"title":"Orthex \u2013 Coussin postural Symbia 30\u00b0 - Clinique de Sant\u00e9 Respiratoire des Sommets","robots":{"index":"index","follow":"follow","max-snippet":"max-snippet:-1","max-image-preview":"max-image-preview:large","max-video-preview":"max-video-preview:-1"},"canonical":"https:\/\/csrsommets.ca\/en\/product\/orthex-coussin-postural-symbia-30\/","og_locale":"en_US","og_type":"article","og_title":"Orthex \u2013 Coussin postural Symbia 30\u00b0 - Clinique de Sant\u00e9 Respiratoire des Sommets","og_description":"Le Symbia 30\u00b0 d\u2019Orthex est un coussin postural ergonomique con\u00e7u pour sur\u00e9lever le haut du corps \u00e0 30\u00b0, offrant un soutien optimal pour la respiration, la digestion et la relaxation. Id\u00e9al pour r\u00e9duire le reflux gastrique, am\u00e9liorer la respiration et soulager la tension cervicale et dorsale.","og_url":"https:\/\/csrsommets.ca\/en\/product\/orthex-coussin-postural-symbia-30\/","og_site_name":"Clinique de Sant\u00e9 Respiratoire des Sommets","twitter_card":"summary_large_image","twitter_misc":{"Est. reading time":"1 minute"},"schema":{"@context":"https:\/\/schema.org","@graph":[{"@type":"WebPage","@id":"https:\/\/csrsommets.ca\/en\/product\/orthex-coussin-postural-symbia-30\/","url":"https:\/\/csrsommets.ca\/en\/product\/orthex-coussin-postural-symbia-30\/","name":"Orthex \u2013 Coussin postural Symbia 30\u00b0 - Clinique de Sant\u00e9 Respiratoire des Sommets","isPartOf":{"@id":"https:\/\/csrsommets.ca\/en\/#website"},"primaryImageOfPage":{"@id":"https:\/\/csrsommets.ca\/en\/product\/orthex-coussin-postural-symbia-30\/#primaryimage"},"image":{"@id":"https:\/\/csrsommets.ca\/en\/product\/orthex-coussin-postural-symbia-30\/#primaryimage"},"thumbnailUrl":"https:\/\/csrsommets.ca\/wp-content\/uploads\/2025\/11\/SYM30_Diag-3-scaled-1.jpg","datePublished":"2025-11-08T00:04:45+00:00","breadcrumb":{"@id":"https:\/\/csrsommets.ca\/en\/product\/orthex-coussin-postural-symbia-30\/#breadcrumb"},"inLanguage":"en-US","potentialAction":[{"@type":"ReadAction","target":["https:\/\/csrsommets.ca\/en\/product\/orthex-coussin-postural-symbia-30\/"]}]},{"@type":"ImageObject","inLanguage":"en-US","@id":"https:\/\/csrsommets.ca\/en\/product\/orthex-coussin-postural-symbia-30\/#primaryimage","url":"https:\/\/csrsommets.ca\/wp-content\/uploads\/2025\/11\/SYM30_Diag-3-scaled-1.jpg","contentUrl":"https:\/\/csrsommets.ca\/wp-content\/uploads\/2025\/11\/SYM30_Diag-3-scaled-1.jpg","width":2560,"height":2560},{"@type":"BreadcrumbList","@id":"https:\/\/csrsommets.ca\/en\/product\/orthex-coussin-postural-symbia-30\/#breadcrumb","itemListElement":[{"@type":"ListItem","position":1,"name":"Accueil","item":"https:\/\/csrsommets.ca\/en\/"},{"@type":"ListItem","position":2,"name":"Shop","item":"https:\/\/csrsommets.ca\/en\/shop\/"},{"@type":"ListItem","position":3,"name":"Orthex \u2013 Coussin postural Symbia 30\u00b0"}]},{"@type":"WebSite","@id":"https:\/\/csrsommets.ca\/en\/#website","url":"https:\/\/csrsommets.ca\/en\/","name":"Clinique de Sant\u00e9 Respiratoire des Sommets","description":"Retrouvez votre vie","publisher":{"@id":"https:\/\/csrsommets.ca\/en\/#organization"},"potentialAction":[{"@type":"SearchAction","target":{"@type":"EntryPoint","urlTemplate":"https:\/\/csrsommets.ca\/en\/?s={search_term_string}"},"query-input":{"@type":"PropertyValueSpecification","valueRequired":true,"valueName":"search_term_string"}}],"inLanguage":"en-US"},{"@type":"Organization","@id":"https:\/\/csrsommets.ca\/en\/#organization","name":"Clinique de Sant\u00e9 Respiratoire des Sommets","url":"https:\/\/csrsommets.ca\/en\/","logo":{"@type":"ImageObject","inLanguage":"en-US","@id":"https:\/\/csrsommets.ca\/en\/#\/schema\/logo\/image\/","url":"https:\/\/csrsommets.ca\/wp-content\/uploads\/2021\/10\/clinique-sante-respiratoire-des-sommets_logo.webp","contentUrl":"https:\/\/csrsommets.ca\/wp-content\/uploads\/2021\/10\/clinique-sante-respiratoire-des-sommets_logo.webp","width":793,"height":186,"caption":"Clinique de Sant\u00e9 Respiratoire des Sommets"},"image":{"@id":"https:\/\/csrsommets.ca\/en\/#\/schema\/logo\/image\/"}}]}},"_links":{"self":[{"href":"https:\/\/csrsommets.ca\/en\/wp-json\/wp\/v2\/product\/20515","targetHints":{"allow":["GET"]}}],"collection":[{"href":"https:\/\/csrsommets.ca\/en\/wp-json\/wp\/v2\/product"}],"about":[{"href":"https:\/\/csrsommets.ca\/en\/wp-json\/wp\/v2\/types\/product"}],"replies":[{"embeddable":true,"href":"https:\/\/csrsommets.ca\/en\/wp-json\/wp\/v2\/comments?post=20515"}],"wp:featuredmedia":[{"embeddable":true,"href":"https:\/\/csrsommets.ca\/en\/wp-json\/wp\/v2\/media\/20510"}],"wp:attachment":[{"href":"https:\/\/csrsommets.ca\/en\/wp-json\/wp\/v2\/media?parent=20515"}],"wp:term":[{"taxonomy":"product_brand","embeddable":true,"href":"https:\/\/csrsommets.ca\/en\/wp-json\/wp\/v2\/product_brand?post=20515"},{"taxonomy":"product_cat","embeddable":true,"href":"https:\/\/csrsommets.ca\/en\/wp-json\/wp\/v2\/product_cat?post=20515"},{"taxonomy":"product_tag","embeddable":true,"href":"https:\/\/csrsommets.ca\/en\/wp-json\/wp\/v2\/product_tag?post=20515"}],"curies":[{"name":"wp","href":"https:\/\/api.w.org\/{rel}","templated":true}]}}