{"id":19777,"date":"2021-11-04T20:13:22","date_gmt":"2021-11-05T00:13:22","guid":{"rendered":"https:\/\/csrsommets.ca\/product\/appareil-cpap-automatique-air-sense-10-s10-de-resmed\/"},"modified":"2025-08-21T19:29:06","modified_gmt":"2025-08-21T23:29:06","slug":"resmed-airsense-10-auto-cpap-device","status":"publish","type":"product","link":"https:\/\/csrsommets.ca\/en\/product\/resmed-airsense-10-auto-cpap-device\/","title":{"rendered":"ResMed &#8211; AirSense 10 (S10) Auto CPAP Machine Device"},"content":{"rendered":"<p data-start=\"568\" data-end=\"839\">The <strong data-start=\"572\" data-end=\"604\">ResMed AirSense 10 Auto CPAP<\/strong> is one of the most widely used CPAP machines worldwide. Combining smart technology with user-friendly features, it automatically adjusts pressure settings to your needs, ensuring comfort and effective treatment throughout the night.<\/p>\n<h3 data-start=\"841\" data-end=\"862\">\ud83d\udd39 Key Features<\/h3>\n<ul data-start=\"863\" data-end=\"1390\">\n<li data-start=\"863\" data-end=\"958\">\n<p data-start=\"865\" data-end=\"958\"><strong data-start=\"865\" data-end=\"886\">AutoSet algorithm<\/strong>: automatically adjusts pressure based on real-time breathing patterns<\/p>\n<\/li>\n<li data-start=\"959\" data-end=\"1023\">\n<p data-start=\"961\" data-end=\"1023\"><strong data-start=\"961\" data-end=\"984\">Built-in humidifier<\/strong>: helps reduce dryness and irritation<\/p>\n<\/li>\n<li data-start=\"1024\" data-end=\"1107\">\n<p data-start=\"1026\" data-end=\"1107\"><strong data-start=\"1026\" data-end=\"1063\">EPR\u2122 (Expiratory Pressure Relief)<\/strong>: makes exhalation easier and more natural<\/p>\n<\/li>\n<li data-start=\"1108\" data-end=\"1195\">\n<p data-start=\"1110\" data-end=\"1195\"><strong data-start=\"1110\" data-end=\"1127\">Ramp function<\/strong>: gradually increases pressure to help you fall asleep comfortably<\/p>\n<\/li>\n<li data-start=\"1196\" data-end=\"1260\">\n<p data-start=\"1198\" data-end=\"1260\"><strong data-start=\"1198\" data-end=\"1220\">Quiet motor design<\/strong>: ensures minimal noise during therapy<\/p>\n<\/li>\n<li data-start=\"1261\" data-end=\"1313\">\n<p data-start=\"1263\" data-end=\"1313\"><strong data-start=\"1263\" data-end=\"1289\">Intuitive color screen<\/strong> with easy-to-use menu<\/p>\n<\/li>\n<li data-start=\"1314\" data-end=\"1390\">\n<p data-start=\"1316\" data-end=\"1390\"><strong data-start=\"1316\" data-end=\"1341\">Wireless connectivity<\/strong>: allows remote monitoring and therapy tracking<\/p>\n<\/li>\n<\/ul>\n<h3 data-start=\"1392\" data-end=\"1414\">\ud83d\udd39 Compatibility<\/h3>\n<ul data-start=\"1415\" data-end=\"1606\">\n<li data-start=\"1415\" data-end=\"1497\">\n<p data-start=\"1417\" data-end=\"1497\">Compatible with all <strong data-start=\"1437\" data-end=\"1458\">ResMed CPAP masks<\/strong> (nasal, nasal pillow, and full face)<\/p>\n<\/li>\n<li data-start=\"1498\" data-end=\"1606\">\n<p data-start=\"1500\" data-end=\"1606\">Works with accessories such as replacement water tubs, <strong data-start=\"1555\" data-end=\"1587\">ClimateLineAir heated tubing<\/strong>, and air filters<\/p>\n<\/li>\n<\/ul>\n<h3 data-start=\"1608\" data-end=\"1638\">\ud83d\udd39 Practical Information<\/h3>\n<ul data-start=\"1639\" data-end=\"1799\">\n<li data-start=\"1639\" data-end=\"1681\">\n<p data-start=\"1641\" data-end=\"1681\">Compact design for home use and travel<\/p>\n<\/li>\n<li data-start=\"1682\" data-end=\"1713\">\n<p data-start=\"1684\" data-end=\"1713\">Easy to set up and maintain<\/p>\n<\/li>\n<li data-start=\"1714\" data-end=\"1799\">\n<p data-start=\"1716\" data-end=\"1799\">Regular filter and water chamber replacements recommended for optimal performance<\/p>\n<\/li>\n<\/ul>\n<p>&nbsp;<\/p>\n","protected":false},"excerpt":{"rendered":"<p>The <strong data-start=\"230\" data-end=\"268\">ResMed AirSense 10 (S10) Auto CPAP<\/strong> is a premium device designed to provide personalized and comfortable sleep apnea therapy. With advanced AutoSet technology, integrated humidification, and wireless connectivity, it ensures reliable performance and an easy therapy experience.<\/p>\n","protected":false},"featured_media":13220,"comment_status":"open","ping_status":"closed","template":"","meta":[],"product_brand":[],"product_cat":[316,320],"product_tag":[],"class_list":{"0":"post-19777","1":"product","2":"type-product","3":"status-publish","4":"has-post-thumbnail","6":"product_cat-devices","7":"product_cat-resmed-en","9":"first","10":"instock","11":"product-type-simple"},"yoast_head":"<!-- This site is optimized with the Yoast SEO plugin v24.5 - https:\/\/yoast.com\/wordpress\/plugins\/seo\/ -->\n<title>ResMed - AirSense 10 (S10) Auto CPAP Machine Device - Clinique de Sant\u00e9 Respiratoire des Sommets<\/title>\n<meta name=\"description\" content=\"Un appareil CPAP ultra performant et confortable, avec humidificateur int\u00e9gr\u00e9 et r\u00e9glages automatis\u00e9s. Profitez des plus bas prix sur le march\u00e9!\" \/>\n<meta name=\"robots\" content=\"index, follow, max-snippet:-1, max-image-preview:large, max-video-preview:-1\" \/>\n<link rel=\"canonical\" href=\"https:\/\/csrsommets.ca\/en\/product\/resmed-airsense-10-auto-cpap-device\/\" \/>\n<meta property=\"og:locale\" content=\"en_US\" \/>\n<meta property=\"og:type\" content=\"article\" \/>\n<meta property=\"og:title\" content=\"ResMed - AirSense 10 (S10) Auto CPAP Machine Device - Clinique de Sant\u00e9 Respiratoire des Sommets\" \/>\n<meta property=\"og:description\" content=\"Un appareil CPAP ultra performant et confortable, avec humidificateur int\u00e9gr\u00e9 et r\u00e9glages automatis\u00e9s. Profitez des plus bas prix sur le march\u00e9!\" \/>\n<meta property=\"og:url\" content=\"https:\/\/csrsommets.ca\/en\/product\/resmed-airsense-10-auto-cpap-device\/\" \/>\n<meta property=\"og:site_name\" content=\"Clinique de Sant\u00e9 Respiratoire des Sommets\" \/>\n<meta property=\"article:modified_time\" content=\"2025-08-21T23:29:06+00:00\" \/>\n<meta property=\"og:image\" content=\"https:\/\/csrsommets.ca\/wp-content\/uploads\/2021\/11\/PB020201.jpg\" \/>\n\t<meta property=\"og:image:width\" content=\"1600\" \/>\n\t<meta property=\"og:image:height\" content=\"1600\" \/>\n\t<meta property=\"og:image:type\" content=\"image\/jpeg\" \/>\n<meta name=\"twitter:card\" content=\"summary_large_image\" \/>\n<meta name=\"twitter:label1\" content=\"Est. reading time\" \/>\n\t<meta name=\"twitter:data1\" content=\"1 minute\" \/>\n<script type=\"application\/ld+json\" class=\"yoast-schema-graph\">{\"@context\":\"https:\/\/schema.org\",\"@graph\":[{\"@type\":\"WebPage\",\"@id\":\"https:\/\/csrsommets.ca\/en\/product\/resmed-airsense-10-auto-cpap-device\/\",\"url\":\"https:\/\/csrsommets.ca\/en\/product\/resmed-airsense-10-auto-cpap-device\/\",\"name\":\"ResMed - AirSense 10 (S10) Auto CPAP Machine Device - Clinique de Sant\u00e9 Respiratoire des Sommets\",\"isPartOf\":{\"@id\":\"https:\/\/csrsommets.ca\/en\/#website\"},\"primaryImageOfPage\":{\"@id\":\"https:\/\/csrsommets.ca\/en\/product\/resmed-airsense-10-auto-cpap-device\/#primaryimage\"},\"image\":{\"@id\":\"https:\/\/csrsommets.ca\/en\/product\/resmed-airsense-10-auto-cpap-device\/#primaryimage\"},\"thumbnailUrl\":\"https:\/\/csrsommets.ca\/wp-content\/uploads\/2021\/11\/PB020201.jpg\",\"datePublished\":\"2021-11-05T00:13:22+00:00\",\"dateModified\":\"2025-08-21T23:29:06+00:00\",\"description\":\"Un appareil CPAP ultra performant et confortable, avec humidificateur int\u00e9gr\u00e9 et r\u00e9glages automatis\u00e9s. Profitez des plus bas prix sur le march\u00e9!\",\"breadcrumb\":{\"@id\":\"https:\/\/csrsommets.ca\/en\/product\/resmed-airsense-10-auto-cpap-device\/#breadcrumb\"},\"inLanguage\":\"en-US\",\"potentialAction\":[{\"@type\":\"ReadAction\",\"target\":[\"https:\/\/csrsommets.ca\/en\/product\/resmed-airsense-10-auto-cpap-device\/\"]}]},{\"@type\":\"ImageObject\",\"inLanguage\":\"en-US\",\"@id\":\"https:\/\/csrsommets.ca\/en\/product\/resmed-airsense-10-auto-cpap-device\/#primaryimage\",\"url\":\"https:\/\/csrsommets.ca\/wp-content\/uploads\/2021\/11\/PB020201.jpg\",\"contentUrl\":\"https:\/\/csrsommets.ca\/wp-content\/uploads\/2021\/11\/PB020201.jpg\",\"width\":1600,\"height\":1600},{\"@type\":\"BreadcrumbList\",\"@id\":\"https:\/\/csrsommets.ca\/en\/product\/resmed-airsense-10-auto-cpap-device\/#breadcrumb\",\"itemListElement\":[{\"@type\":\"ListItem\",\"position\":1,\"name\":\"Accueil\",\"item\":\"https:\/\/csrsommets.ca\/en\/\"},{\"@type\":\"ListItem\",\"position\":2,\"name\":\"Shop\",\"item\":\"https:\/\/csrsommets.ca\/en\/shop\/\"},{\"@type\":\"ListItem\",\"position\":3,\"name\":\"ResMed &#8211; AirSense 10 (S10) Auto CPAP Machine Device\"}]},{\"@type\":\"WebSite\",\"@id\":\"https:\/\/csrsommets.ca\/en\/#website\",\"url\":\"https:\/\/csrsommets.ca\/en\/\",\"name\":\"Clinique de Sant\u00e9 Respiratoire des Sommets\",\"description\":\"Retrouvez votre vie\",\"publisher\":{\"@id\":\"https:\/\/csrsommets.ca\/en\/#organization\"},\"potentialAction\":[{\"@type\":\"SearchAction\",\"target\":{\"@type\":\"EntryPoint\",\"urlTemplate\":\"https:\/\/csrsommets.ca\/en\/?s={search_term_string}\"},\"query-input\":{\"@type\":\"PropertyValueSpecification\",\"valueRequired\":true,\"valueName\":\"search_term_string\"}}],\"inLanguage\":\"en-US\"},{\"@type\":\"Organization\",\"@id\":\"https:\/\/csrsommets.ca\/en\/#organization\",\"name\":\"Clinique de Sant\u00e9 Respiratoire des Sommets\",\"url\":\"https:\/\/csrsommets.ca\/en\/\",\"logo\":{\"@type\":\"ImageObject\",\"inLanguage\":\"en-US\",\"@id\":\"https:\/\/csrsommets.ca\/en\/#\/schema\/logo\/image\/\",\"url\":\"https:\/\/csrsommets.ca\/wp-content\/uploads\/2021\/10\/clinique-sante-respiratoire-des-sommets_logo.webp\",\"contentUrl\":\"https:\/\/csrsommets.ca\/wp-content\/uploads\/2021\/10\/clinique-sante-respiratoire-des-sommets_logo.webp\",\"width\":793,\"height\":186,\"caption\":\"Clinique de Sant\u00e9 Respiratoire des Sommets\"},\"image\":{\"@id\":\"https:\/\/csrsommets.ca\/en\/#\/schema\/logo\/image\/\"}}]}<\/script>\n<!-- \/ Yoast SEO plugin. -->","yoast_head_json":{"title":"ResMed - AirSense 10 (S10) Auto CPAP Machine Device - Clinique de Sant\u00e9 Respiratoire des Sommets","description":"Un appareil CPAP ultra performant et confortable, avec humidificateur int\u00e9gr\u00e9 et r\u00e9glages automatis\u00e9s. Profitez des plus bas prix sur le march\u00e9!","robots":{"index":"index","follow":"follow","max-snippet":"max-snippet:-1","max-image-preview":"max-image-preview:large","max-video-preview":"max-video-preview:-1"},"canonical":"https:\/\/csrsommets.ca\/en\/product\/resmed-airsense-10-auto-cpap-device\/","og_locale":"en_US","og_type":"article","og_title":"ResMed - AirSense 10 (S10) Auto CPAP Machine Device - Clinique de Sant\u00e9 Respiratoire des Sommets","og_description":"Un appareil CPAP ultra performant et confortable, avec humidificateur int\u00e9gr\u00e9 et r\u00e9glages automatis\u00e9s. Profitez des plus bas prix sur le march\u00e9!","og_url":"https:\/\/csrsommets.ca\/en\/product\/resmed-airsense-10-auto-cpap-device\/","og_site_name":"Clinique de Sant\u00e9 Respiratoire des Sommets","article_modified_time":"2025-08-21T23:29:06+00:00","og_image":[{"width":1600,"height":1600,"url":"https:\/\/csrsommets.ca\/wp-content\/uploads\/2021\/11\/PB020201.jpg","type":"image\/jpeg"}],"twitter_card":"summary_large_image","twitter_misc":{"Est. reading time":"1 minute"},"schema":{"@context":"https:\/\/schema.org","@graph":[{"@type":"WebPage","@id":"https:\/\/csrsommets.ca\/en\/product\/resmed-airsense-10-auto-cpap-device\/","url":"https:\/\/csrsommets.ca\/en\/product\/resmed-airsense-10-auto-cpap-device\/","name":"ResMed - AirSense 10 (S10) Auto CPAP Machine Device - Clinique de Sant\u00e9 Respiratoire des Sommets","isPartOf":{"@id":"https:\/\/csrsommets.ca\/en\/#website"},"primaryImageOfPage":{"@id":"https:\/\/csrsommets.ca\/en\/product\/resmed-airsense-10-auto-cpap-device\/#primaryimage"},"image":{"@id":"https:\/\/csrsommets.ca\/en\/product\/resmed-airsense-10-auto-cpap-device\/#primaryimage"},"thumbnailUrl":"https:\/\/csrsommets.ca\/wp-content\/uploads\/2021\/11\/PB020201.jpg","datePublished":"2021-11-05T00:13:22+00:00","dateModified":"2025-08-21T23:29:06+00:00","description":"Un appareil CPAP ultra performant et confortable, avec humidificateur int\u00e9gr\u00e9 et r\u00e9glages automatis\u00e9s. Profitez des plus bas prix sur le march\u00e9!","breadcrumb":{"@id":"https:\/\/csrsommets.ca\/en\/product\/resmed-airsense-10-auto-cpap-device\/#breadcrumb"},"inLanguage":"en-US","potentialAction":[{"@type":"ReadAction","target":["https:\/\/csrsommets.ca\/en\/product\/resmed-airsense-10-auto-cpap-device\/"]}]},{"@type":"ImageObject","inLanguage":"en-US","@id":"https:\/\/csrsommets.ca\/en\/product\/resmed-airsense-10-auto-cpap-device\/#primaryimage","url":"https:\/\/csrsommets.ca\/wp-content\/uploads\/2021\/11\/PB020201.jpg","contentUrl":"https:\/\/csrsommets.ca\/wp-content\/uploads\/2021\/11\/PB020201.jpg","width":1600,"height":1600},{"@type":"BreadcrumbList","@id":"https:\/\/csrsommets.ca\/en\/product\/resmed-airsense-10-auto-cpap-device\/#breadcrumb","itemListElement":[{"@type":"ListItem","position":1,"name":"Accueil","item":"https:\/\/csrsommets.ca\/en\/"},{"@type":"ListItem","position":2,"name":"Shop","item":"https:\/\/csrsommets.ca\/en\/shop\/"},{"@type":"ListItem","position":3,"name":"ResMed &#8211; AirSense 10 (S10) Auto CPAP Machine Device"}]},{"@type":"WebSite","@id":"https:\/\/csrsommets.ca\/en\/#website","url":"https:\/\/csrsommets.ca\/en\/","name":"Clinique de Sant\u00e9 Respiratoire des Sommets","description":"Retrouvez votre vie","publisher":{"@id":"https:\/\/csrsommets.ca\/en\/#organization"},"potentialAction":[{"@type":"SearchAction","target":{"@type":"EntryPoint","urlTemplate":"https:\/\/csrsommets.ca\/en\/?s={search_term_string}"},"query-input":{"@type":"PropertyValueSpecification","valueRequired":true,"valueName":"search_term_string"}}],"inLanguage":"en-US"},{"@type":"Organization","@id":"https:\/\/csrsommets.ca\/en\/#organization","name":"Clinique de Sant\u00e9 Respiratoire des Sommets","url":"https:\/\/csrsommets.ca\/en\/","logo":{"@type":"ImageObject","inLanguage":"en-US","@id":"https:\/\/csrsommets.ca\/en\/#\/schema\/logo\/image\/","url":"https:\/\/csrsommets.ca\/wp-content\/uploads\/2021\/10\/clinique-sante-respiratoire-des-sommets_logo.webp","contentUrl":"https:\/\/csrsommets.ca\/wp-content\/uploads\/2021\/10\/clinique-sante-respiratoire-des-sommets_logo.webp","width":793,"height":186,"caption":"Clinique de Sant\u00e9 Respiratoire des Sommets"},"image":{"@id":"https:\/\/csrsommets.ca\/en\/#\/schema\/logo\/image\/"}}]}},"_links":{"self":[{"href":"https:\/\/csrsommets.ca\/en\/wp-json\/wp\/v2\/product\/19777","targetHints":{"allow":["GET"]}}],"collection":[{"href":"https:\/\/csrsommets.ca\/en\/wp-json\/wp\/v2\/product"}],"about":[{"href":"https:\/\/csrsommets.ca\/en\/wp-json\/wp\/v2\/types\/product"}],"replies":[{"embeddable":true,"href":"https:\/\/csrsommets.ca\/en\/wp-json\/wp\/v2\/comments?post=19777"}],"wp:featuredmedia":[{"embeddable":true,"href":"https:\/\/csrsommets.ca\/en\/wp-json\/wp\/v2\/media\/13220"}],"wp:attachment":[{"href":"https:\/\/csrsommets.ca\/en\/wp-json\/wp\/v2\/media?parent=19777"}],"wp:term":[{"taxonomy":"product_brand","embeddable":true,"href":"https:\/\/csrsommets.ca\/en\/wp-json\/wp\/v2\/product_brand?post=19777"},{"taxonomy":"product_cat","embeddable":true,"href":"https:\/\/csrsommets.ca\/en\/wp-json\/wp\/v2\/product_cat?post=19777"},{"taxonomy":"product_tag","embeddable":true,"href":"https:\/\/csrsommets.ca\/en\/wp-json\/wp\/v2\/product_tag?post=19777"}],"curies":[{"name":"wp","href":"https:\/\/api.w.org\/{rel}","templated":true}]}}