{"id":19381,"date":"2021-11-04T20:13:54","date_gmt":"2021-11-05T00:13:54","guid":{"rendered":"https:\/\/csrsommets.ca\/product\/systeme-de-support-houdini-pour-tubulure-de-cpap\/"},"modified":"2025-07-10T13:37:08","modified_gmt":"2025-07-10T17:37:08","slug":"kego-houdini-cpap-hose-support","status":"publish","type":"product","link":"https:\/\/csrsommets.ca\/en\/product\/kego-houdini-cpap-hose-support\/","title":{"rendered":"Kego \u2013 Houdini CPAP Hose Support (CPAPology)"},"content":{"rendered":"","protected":false},"excerpt":{"rendered":"<p data-start=\"1188\" data-end=\"1378\">The <strong data-start=\"1192\" data-end=\"1221\">Houdini CPAP Hose Support<\/strong> is an innovative system designed to <strong data-start=\"1258\" data-end=\"1300\">elevate your CPAP tubing above the bed<\/strong>, allowing you to move freely throughout the night without tugging or tangles.<\/p>\n<p data-start=\"1380\" data-end=\"1398\"><strong data-start=\"1380\" data-end=\"1396\">\ud83d\udd39 Features:<\/strong><\/p>\n<ul data-start=\"1399\" data-end=\"1680\">\n<li data-start=\"1399\" data-end=\"1492\">\n<p data-start=\"1401\" data-end=\"1492\"><strong data-start=\"1401\" data-end=\"1432\">Retractable telescopic pole<\/strong> \u2014 conveniently tucks beside your mattress when not in use<\/p>\n<\/li>\n<li data-start=\"1493\" data-end=\"1571\">\n<p data-start=\"1495\" data-end=\"1571\"><strong data-start=\"1495\" data-end=\"1512\">Flexible neck<\/strong> allows smooth adjustment based on your sleeping position<\/p>\n<\/li>\n<li data-start=\"1572\" data-end=\"1623\">\n<p data-start=\"1574\" data-end=\"1623\">Extends to a <strong data-start=\"1587\" data-end=\"1621\">maximum height of ~38&#8243; (97\u202fcm)<\/strong><\/p>\n<\/li>\n<li data-start=\"1624\" data-end=\"1680\">\n<p data-start=\"1626\" data-end=\"1680\"><strong data-start=\"1626\" data-end=\"1641\">Stable base<\/strong> slips under the mattress without tools<\/p>\n<\/li>\n<\/ul>\n<p data-start=\"1682\" data-end=\"1919\"><strong data-start=\"1682\" data-end=\"1698\">\ud83d\udd39 Benefits:<\/strong><br data-start=\"1698\" data-end=\"1701\" \/>\u2714 Keeps tubing from pulling on your mask \u2014 reduces air leaks<br data-start=\"1761\" data-end=\"1764\" \/>\u2714 Enables easy side-to-side movement while sleeping<br data-start=\"1815\" data-end=\"1818\" \/>\u2714 Compact when stored \u2014 perfect for travel or home<br data-start=\"1868\" data-end=\"1871\" \/>\u2714 Enhances comfort and noise-free CPAP therapy<\/p>\n","protected":false},"featured_media":13098,"comment_status":"open","ping_status":"closed","template":"","meta":[],"product_brand":[],"product_cat":[293,302,308],"product_tag":[],"class_list":{"0":"post-19381","1":"product","2":"type-product","3":"status-publish","4":"has-post-thumbnail","6":"product_cat-accessories","7":"product_cat-accessories-for-cpap-devices","8":"product_cat-tube-holders","10":"first","11":"instock","12":"purchasable","13":"product-type-simple"},"yoast_head":"<!-- This site is optimized with the Yoast SEO plugin v24.5 - https:\/\/yoast.com\/wordpress\/plugins\/seo\/ -->\n<title>Kego \u2013 Houdini CPAP Hose Support (CPAPology) - Clinique de Sant\u00e9 Respiratoire des Sommets<\/title>\n<meta name=\"description\" content=\"Solution ergonomique pour organiser votre tubulure CPAP et \u00e9viter les g\u00eanes nocturnes. Support innovant pour tubulure de CPAP, le tout au plus bas prix!\" \/>\n<meta name=\"robots\" content=\"index, follow, max-snippet:-1, max-image-preview:large, max-video-preview:-1\" \/>\n<link rel=\"canonical\" href=\"https:\/\/csrsommets.ca\/en\/product\/kego-houdini-cpap-hose-support\/\" \/>\n<meta property=\"og:locale\" content=\"en_US\" \/>\n<meta property=\"og:type\" content=\"article\" \/>\n<meta property=\"og:title\" content=\"Kego \u2013 Houdini CPAP Hose Support (CPAPology) - Clinique de Sant\u00e9 Respiratoire des Sommets\" \/>\n<meta property=\"og:description\" content=\"Solution ergonomique pour organiser votre tubulure CPAP et \u00e9viter les g\u00eanes nocturnes. Support innovant pour tubulure de CPAP, le tout au plus bas prix!\" \/>\n<meta property=\"og:url\" content=\"https:\/\/csrsommets.ca\/en\/product\/kego-houdini-cpap-hose-support\/\" \/>\n<meta property=\"og:site_name\" content=\"Clinique de Sant\u00e9 Respiratoire des Sommets\" \/>\n<meta property=\"article:modified_time\" content=\"2025-07-10T17:37:08+00:00\" \/>\n<meta property=\"og:image\" content=\"https:\/\/csrsommets.ca\/wp-content\/uploads\/2021\/11\/Support-pour-tube-Houdini-CY-K8405-E.jpg\" \/>\n\t<meta property=\"og:image:width\" content=\"1600\" \/>\n\t<meta property=\"og:image:height\" content=\"1599\" \/>\n\t<meta property=\"og:image:type\" content=\"image\/jpeg\" \/>\n<meta name=\"twitter:card\" content=\"summary_large_image\" \/>\n<meta name=\"twitter:label1\" content=\"Est. reading time\" \/>\n\t<meta name=\"twitter:data1\" content=\"1 minute\" \/>\n<script type=\"application\/ld+json\" class=\"yoast-schema-graph\">{\"@context\":\"https:\/\/schema.org\",\"@graph\":[{\"@type\":\"WebPage\",\"@id\":\"https:\/\/csrsommets.ca\/en\/product\/kego-houdini-cpap-hose-support\/\",\"url\":\"https:\/\/csrsommets.ca\/en\/product\/kego-houdini-cpap-hose-support\/\",\"name\":\"Kego \u2013 Houdini CPAP Hose Support (CPAPology) - Clinique de Sant\u00e9 Respiratoire des Sommets\",\"isPartOf\":{\"@id\":\"https:\/\/csrsommets.ca\/en\/#website\"},\"primaryImageOfPage\":{\"@id\":\"https:\/\/csrsommets.ca\/en\/product\/kego-houdini-cpap-hose-support\/#primaryimage\"},\"image\":{\"@id\":\"https:\/\/csrsommets.ca\/en\/product\/kego-houdini-cpap-hose-support\/#primaryimage\"},\"thumbnailUrl\":\"https:\/\/csrsommets.ca\/wp-content\/uploads\/2021\/11\/Support-pour-tube-Houdini-CY-K8405-E.jpg\",\"datePublished\":\"2021-11-05T00:13:54+00:00\",\"dateModified\":\"2025-07-10T17:37:08+00:00\",\"description\":\"Solution ergonomique pour organiser votre tubulure CPAP et \u00e9viter les g\u00eanes nocturnes. Support innovant pour tubulure de CPAP, le tout au plus bas prix!\",\"breadcrumb\":{\"@id\":\"https:\/\/csrsommets.ca\/en\/product\/kego-houdini-cpap-hose-support\/#breadcrumb\"},\"inLanguage\":\"en-US\",\"potentialAction\":[{\"@type\":\"ReadAction\",\"target\":[\"https:\/\/csrsommets.ca\/en\/product\/kego-houdini-cpap-hose-support\/\"]}]},{\"@type\":\"ImageObject\",\"inLanguage\":\"en-US\",\"@id\":\"https:\/\/csrsommets.ca\/en\/product\/kego-houdini-cpap-hose-support\/#primaryimage\",\"url\":\"https:\/\/csrsommets.ca\/wp-content\/uploads\/2021\/11\/Support-pour-tube-Houdini-CY-K8405-E.jpg\",\"contentUrl\":\"https:\/\/csrsommets.ca\/wp-content\/uploads\/2021\/11\/Support-pour-tube-Houdini-CY-K8405-E.jpg\",\"width\":1600,\"height\":1599},{\"@type\":\"BreadcrumbList\",\"@id\":\"https:\/\/csrsommets.ca\/en\/product\/kego-houdini-cpap-hose-support\/#breadcrumb\",\"itemListElement\":[{\"@type\":\"ListItem\",\"position\":1,\"name\":\"Accueil\",\"item\":\"https:\/\/csrsommets.ca\/en\/\"},{\"@type\":\"ListItem\",\"position\":2,\"name\":\"Shop\",\"item\":\"https:\/\/csrsommets.ca\/en\/shop\/\"},{\"@type\":\"ListItem\",\"position\":3,\"name\":\"Kego \u2013 Houdini CPAP Hose Support (CPAPology)\"}]},{\"@type\":\"WebSite\",\"@id\":\"https:\/\/csrsommets.ca\/en\/#website\",\"url\":\"https:\/\/csrsommets.ca\/en\/\",\"name\":\"Clinique de Sant\u00e9 Respiratoire des Sommets\",\"description\":\"Retrouvez votre vie\",\"publisher\":{\"@id\":\"https:\/\/csrsommets.ca\/en\/#organization\"},\"potentialAction\":[{\"@type\":\"SearchAction\",\"target\":{\"@type\":\"EntryPoint\",\"urlTemplate\":\"https:\/\/csrsommets.ca\/en\/?s={search_term_string}\"},\"query-input\":{\"@type\":\"PropertyValueSpecification\",\"valueRequired\":true,\"valueName\":\"search_term_string\"}}],\"inLanguage\":\"en-US\"},{\"@type\":\"Organization\",\"@id\":\"https:\/\/csrsommets.ca\/en\/#organization\",\"name\":\"Clinique de Sant\u00e9 Respiratoire des Sommets\",\"url\":\"https:\/\/csrsommets.ca\/en\/\",\"logo\":{\"@type\":\"ImageObject\",\"inLanguage\":\"en-US\",\"@id\":\"https:\/\/csrsommets.ca\/en\/#\/schema\/logo\/image\/\",\"url\":\"https:\/\/csrsommets.ca\/wp-content\/uploads\/2021\/10\/clinique-sante-respiratoire-des-sommets_logo.webp\",\"contentUrl\":\"https:\/\/csrsommets.ca\/wp-content\/uploads\/2021\/10\/clinique-sante-respiratoire-des-sommets_logo.webp\",\"width\":793,\"height\":186,\"caption\":\"Clinique de Sant\u00e9 Respiratoire des Sommets\"},\"image\":{\"@id\":\"https:\/\/csrsommets.ca\/en\/#\/schema\/logo\/image\/\"}}]}<\/script>\n<!-- \/ Yoast SEO plugin. -->","yoast_head_json":{"title":"Kego \u2013 Houdini CPAP Hose Support (CPAPology) - Clinique de Sant\u00e9 Respiratoire des Sommets","description":"Solution ergonomique pour organiser votre tubulure CPAP et \u00e9viter les g\u00eanes nocturnes. Support innovant pour tubulure de CPAP, le tout au plus bas prix!","robots":{"index":"index","follow":"follow","max-snippet":"max-snippet:-1","max-image-preview":"max-image-preview:large","max-video-preview":"max-video-preview:-1"},"canonical":"https:\/\/csrsommets.ca\/en\/product\/kego-houdini-cpap-hose-support\/","og_locale":"en_US","og_type":"article","og_title":"Kego \u2013 Houdini CPAP Hose Support (CPAPology) - Clinique de Sant\u00e9 Respiratoire des Sommets","og_description":"Solution ergonomique pour organiser votre tubulure CPAP et \u00e9viter les g\u00eanes nocturnes. Support innovant pour tubulure de CPAP, le tout au plus bas prix!","og_url":"https:\/\/csrsommets.ca\/en\/product\/kego-houdini-cpap-hose-support\/","og_site_name":"Clinique de Sant\u00e9 Respiratoire des Sommets","article_modified_time":"2025-07-10T17:37:08+00:00","og_image":[{"width":1600,"height":1599,"url":"https:\/\/csrsommets.ca\/wp-content\/uploads\/2021\/11\/Support-pour-tube-Houdini-CY-K8405-E.jpg","type":"image\/jpeg"}],"twitter_card":"summary_large_image","twitter_misc":{"Est. reading time":"1 minute"},"schema":{"@context":"https:\/\/schema.org","@graph":[{"@type":"WebPage","@id":"https:\/\/csrsommets.ca\/en\/product\/kego-houdini-cpap-hose-support\/","url":"https:\/\/csrsommets.ca\/en\/product\/kego-houdini-cpap-hose-support\/","name":"Kego \u2013 Houdini CPAP Hose Support (CPAPology) - Clinique de Sant\u00e9 Respiratoire des Sommets","isPartOf":{"@id":"https:\/\/csrsommets.ca\/en\/#website"},"primaryImageOfPage":{"@id":"https:\/\/csrsommets.ca\/en\/product\/kego-houdini-cpap-hose-support\/#primaryimage"},"image":{"@id":"https:\/\/csrsommets.ca\/en\/product\/kego-houdini-cpap-hose-support\/#primaryimage"},"thumbnailUrl":"https:\/\/csrsommets.ca\/wp-content\/uploads\/2021\/11\/Support-pour-tube-Houdini-CY-K8405-E.jpg","datePublished":"2021-11-05T00:13:54+00:00","dateModified":"2025-07-10T17:37:08+00:00","description":"Solution ergonomique pour organiser votre tubulure CPAP et \u00e9viter les g\u00eanes nocturnes. Support innovant pour tubulure de CPAP, le tout au plus bas prix!","breadcrumb":{"@id":"https:\/\/csrsommets.ca\/en\/product\/kego-houdini-cpap-hose-support\/#breadcrumb"},"inLanguage":"en-US","potentialAction":[{"@type":"ReadAction","target":["https:\/\/csrsommets.ca\/en\/product\/kego-houdini-cpap-hose-support\/"]}]},{"@type":"ImageObject","inLanguage":"en-US","@id":"https:\/\/csrsommets.ca\/en\/product\/kego-houdini-cpap-hose-support\/#primaryimage","url":"https:\/\/csrsommets.ca\/wp-content\/uploads\/2021\/11\/Support-pour-tube-Houdini-CY-K8405-E.jpg","contentUrl":"https:\/\/csrsommets.ca\/wp-content\/uploads\/2021\/11\/Support-pour-tube-Houdini-CY-K8405-E.jpg","width":1600,"height":1599},{"@type":"BreadcrumbList","@id":"https:\/\/csrsommets.ca\/en\/product\/kego-houdini-cpap-hose-support\/#breadcrumb","itemListElement":[{"@type":"ListItem","position":1,"name":"Accueil","item":"https:\/\/csrsommets.ca\/en\/"},{"@type":"ListItem","position":2,"name":"Shop","item":"https:\/\/csrsommets.ca\/en\/shop\/"},{"@type":"ListItem","position":3,"name":"Kego \u2013 Houdini CPAP Hose Support (CPAPology)"}]},{"@type":"WebSite","@id":"https:\/\/csrsommets.ca\/en\/#website","url":"https:\/\/csrsommets.ca\/en\/","name":"Clinique de Sant\u00e9 Respiratoire des Sommets","description":"Retrouvez votre vie","publisher":{"@id":"https:\/\/csrsommets.ca\/en\/#organization"},"potentialAction":[{"@type":"SearchAction","target":{"@type":"EntryPoint","urlTemplate":"https:\/\/csrsommets.ca\/en\/?s={search_term_string}"},"query-input":{"@type":"PropertyValueSpecification","valueRequired":true,"valueName":"search_term_string"}}],"inLanguage":"en-US"},{"@type":"Organization","@id":"https:\/\/csrsommets.ca\/en\/#organization","name":"Clinique de Sant\u00e9 Respiratoire des Sommets","url":"https:\/\/csrsommets.ca\/en\/","logo":{"@type":"ImageObject","inLanguage":"en-US","@id":"https:\/\/csrsommets.ca\/en\/#\/schema\/logo\/image\/","url":"https:\/\/csrsommets.ca\/wp-content\/uploads\/2021\/10\/clinique-sante-respiratoire-des-sommets_logo.webp","contentUrl":"https:\/\/csrsommets.ca\/wp-content\/uploads\/2021\/10\/clinique-sante-respiratoire-des-sommets_logo.webp","width":793,"height":186,"caption":"Clinique de Sant\u00e9 Respiratoire des Sommets"},"image":{"@id":"https:\/\/csrsommets.ca\/en\/#\/schema\/logo\/image\/"}}]}},"_links":{"self":[{"href":"https:\/\/csrsommets.ca\/en\/wp-json\/wp\/v2\/product\/19381","targetHints":{"allow":["GET"]}}],"collection":[{"href":"https:\/\/csrsommets.ca\/en\/wp-json\/wp\/v2\/product"}],"about":[{"href":"https:\/\/csrsommets.ca\/en\/wp-json\/wp\/v2\/types\/product"}],"replies":[{"embeddable":true,"href":"https:\/\/csrsommets.ca\/en\/wp-json\/wp\/v2\/comments?post=19381"}],"wp:featuredmedia":[{"embeddable":true,"href":"https:\/\/csrsommets.ca\/en\/wp-json\/wp\/v2\/media\/13098"}],"wp:attachment":[{"href":"https:\/\/csrsommets.ca\/en\/wp-json\/wp\/v2\/media?parent=19381"}],"wp:term":[{"taxonomy":"product_brand","embeddable":true,"href":"https:\/\/csrsommets.ca\/en\/wp-json\/wp\/v2\/product_brand?post=19381"},{"taxonomy":"product_cat","embeddable":true,"href":"https:\/\/csrsommets.ca\/en\/wp-json\/wp\/v2\/product_cat?post=19381"},{"taxonomy":"product_tag","embeddable":true,"href":"https:\/\/csrsommets.ca\/en\/wp-json\/wp\/v2\/product_tag?post=19381"}],"curies":[{"name":"wp","href":"https:\/\/api.w.org\/{rel}","templated":true}]}}