{"id":18611,"date":"2022-06-16T15:32:10","date_gmt":"2022-06-16T19:32:10","guid":{"rendered":"https:\/\/csrsommets.ca\/product\/masque-cpap-facial-air-touch-f20-de-resmed-en-mousse-memoire-incluant-3-bulles-supplementaire\/"},"modified":"2025-06-13T10:25:30","modified_gmt":"2025-06-13T14:25:30","slug":"resmed-airtouch-f20-full-face-cpap-mask-with-memory-foam-plus-5-extra-cushions","status":"publish","type":"product","link":"https:\/\/csrsommets.ca\/en\/product\/resmed-airtouch-f20-full-face-cpap-mask-with-memory-foam-plus-5-extra-cushions\/","title":{"rendered":"ResMed \u2013 AirTouch\u2122 F20 Full Face CPAP Mask with Memory Foam + 5 Extra Cushions"},"content":{"rendered":"<p><strong><span style=\"color: #ff0000;\">Security Notice<\/span><\/strong><\/p>\n<p>Before using a mask with magnets, please review the updated safety warning issued by ResMed regarding the use of such masks and certain medical implants or metallic objects.<\/p>\n<p><span style=\"color: #ff0000;\">\u00a0<a href=\"https:\/\/www.resmed.com\/en-us\/cpap-mask-magnet-clip-guidelines\/\">https:\/\/www.resmed.com\/en-us\/cpap-mask-magnet-clip-guidelines\/<\/a><\/span><\/p>\n<p>&nbsp;<\/p>\n","protected":false},"excerpt":{"rendered":"<p data-start=\"197\" data-end=\"590\">Offrez-vous un confort in\u00e9gal\u00e9 avec le <strong data-start=\"236\" data-end=\"267\">masque facial AirTouch\u2122 F20<\/strong> de ResMed. Con\u00e7u avec un coussinet en <strong data-start=\"306\" data-end=\"335\">mousse m\u00e9moire UltraSoft\u2122<\/strong>, ce masque \u00e9pouse d\u00e9licatement les contours du visage pour une \u00e9tanch\u00e9it\u00e9 efficace et une sensation de douceur sup\u00e9rieure. Ce coffret inclut <strong data-start=\"477\" data-end=\"505\">3 coussinets de rechange<\/strong>, pour prolonger le confort et maintenir une hygi\u00e8ne optimale pendant plusieurs mois.<\/p>\n<p data-start=\"592\" data-end=\"622\"><strong data-start=\"592\" data-end=\"620\">Inclus dans l\u2019ensemble :<\/strong><\/p>\n<ul data-start=\"623\" data-end=\"767\">\n<li data-start=\"623\" data-end=\"691\">\n<p data-start=\"625\" data-end=\"691\">1 x Masque facial AirTouch\u2122 F20 avec coussinet en mousse m\u00e9moire<\/p>\n<\/li>\n<li data-start=\"692\" data-end=\"767\">\n<p data-start=\"694\" data-end=\"767\">3 x Coussinets en mousse m\u00e9moire UltraSoft\u2122 suppl\u00e9mentaires (m\u00eame taille)<\/p>\n<\/li>\n<\/ul>\n<p data-start=\"769\" data-end=\"1077\"><strong data-start=\"769\" data-end=\"791\">Caract\u00e9ristiques :<\/strong><br data-start=\"791\" data-end=\"794\" \/>\u2705 Mousse m\u00e9moire douce qui r\u00e9duit les marques sur le visage<br data-start=\"853\" data-end=\"856\" \/>\u2705 Adapt\u00e9 aux dormeurs agit\u00e9s ou \u00e0 la peau sensible<br data-start=\"906\" data-end=\"909\" \/>\u2705 Compatible avec toutes les machines CPAP ResMed dot\u00e9es d\u2019un tuyau standard<br data-start=\"985\" data-end=\"988\" \/>\u2705 Facile \u00e0 ajuster gr\u00e2ce au harnais intuitif<br data-start=\"1032\" data-end=\"1035\" \/>\u2705 \u00c9tanch\u00e9it\u00e9 stable, m\u00eame \u00e0 haute pression<\/p>\n<p data-start=\"1079\" data-end=\"1186\"><strong data-start=\"1079\" data-end=\"1093\">Remarque :<\/strong> La mousse m\u00e9moire <strong data-start=\"1112\" data-end=\"1133\">n\u2019est pas lavable<\/strong> \u2013 remplacement recommand\u00e9 tous les 30 jours environ.<\/p>\n<p>&nbsp;<\/p>\n","protected":false},"featured_media":13661,"comment_status":"open","ping_status":"closed","template":"","meta":[],"product_brand":[],"product_cat":[310,313,298,299],"product_tag":[],"class_list":{"0":"post-18611","1":"product","2":"type-product","3":"status-publish","4":"has-post-thumbnail","6":"product_cat-accessories-for-cpap-masks","7":"product_cat-cushions","8":"product_cat-masks","9":"product_cat-full-face-masks","11":"first","12":"instock","13":"product-type-variable"},"yoast_head":"<!-- This site is optimized with the Yoast SEO plugin v24.5 - https:\/\/yoast.com\/wordpress\/plugins\/seo\/ -->\n<title>ResMed \u2013 AirTouch\u2122 F20 Full Face CPAP Mask with Memory Foam + 5 Extra Cushions - Clinique de Sant\u00e9 Respiratoire des Sommets<\/title>\n<meta name=\"robots\" content=\"index, follow, max-snippet:-1, max-image-preview:large, max-video-preview:-1\" \/>\n<link rel=\"canonical\" href=\"https:\/\/csrsommets.ca\/en\/product\/resmed-airtouch-f20-full-face-cpap-mask-with-memory-foam-plus-5-extra-cushions\/\" \/>\n<meta property=\"og:locale\" content=\"en_US\" \/>\n<meta property=\"og:type\" content=\"article\" \/>\n<meta property=\"og:title\" content=\"ResMed \u2013 AirTouch\u2122 F20 Full Face CPAP Mask with Memory Foam + 5 Extra Cushions - Clinique de Sant\u00e9 Respiratoire des Sommets\" \/>\n<meta property=\"og:description\" content=\"Offrez-vous un confort in\u00e9gal\u00e9 avec le masque facial AirTouch\u2122 F20 de ResMed. Con\u00e7u avec un coussinet en mousse m\u00e9moire UltraSoft\u2122, ce masque \u00e9pouse d\u00e9licatement les contours du visage pour une \u00e9tanch\u00e9it\u00e9 efficace et une sensation de douceur sup\u00e9rieure. Ce coffret inclut 3 coussinets de rechange, pour prolonger le confort et maintenir une hygi\u00e8ne optimale pendant plusieurs mois. Inclus dans l\u2019ensemble :     1 x Masque facial AirTouch\u2122 F20 avec coussinet en mousse m\u00e9moire    3 x Coussinets en mousse m\u00e9moire UltraSoft\u2122 suppl\u00e9mentaires (m\u00eame taille)   Caract\u00e9ristiques :\u2705 Mousse m\u00e9moire douce qui r\u00e9duit les marques sur le visage\u2705 Adapt\u00e9 aux dormeurs agit\u00e9s ou \u00e0 la peau sensible\u2705 Compatible avec toutes les machines CPAP ResMed dot\u00e9es d\u2019un tuyau standard\u2705 Facile \u00e0 ajuster gr\u00e2ce au harnais intuitif\u2705 \u00c9tanch\u00e9it\u00e9 stable, m\u00eame \u00e0 haute pression Remarque : La mousse m\u00e9moire n\u2019est pas lavable \u2013 remplacement recommand\u00e9 tous les 30 jours environ. &nbsp;\" \/>\n<meta property=\"og:url\" content=\"https:\/\/csrsommets.ca\/en\/product\/resmed-airtouch-f20-full-face-cpap-mask-with-memory-foam-plus-5-extra-cushions\/\" \/>\n<meta property=\"og:site_name\" content=\"Clinique de Sant\u00e9 Respiratoire des Sommets\" \/>\n<meta property=\"article:modified_time\" content=\"2025-06-13T14:25:30+00:00\" \/>\n<meta property=\"og:image\" content=\"https:\/\/csrsommets.ca\/wp-content\/uploads\/2022\/06\/F20-Touch-Large-5-bulles-2-scaled-e1655828546228.jpg\" \/>\n\t<meta property=\"og:image:width\" content=\"1740\" \/>\n\t<meta property=\"og:image:height\" content=\"1657\" \/>\n\t<meta property=\"og:image:type\" content=\"image\/jpeg\" \/>\n<meta name=\"twitter:card\" content=\"summary_large_image\" \/>\n<meta name=\"twitter:label1\" content=\"Est. reading time\" \/>\n\t<meta name=\"twitter:data1\" content=\"1 minute\" \/>\n<script type=\"application\/ld+json\" class=\"yoast-schema-graph\">{\"@context\":\"https:\/\/schema.org\",\"@graph\":[{\"@type\":\"WebPage\",\"@id\":\"https:\/\/csrsommets.ca\/en\/product\/resmed-airtouch-f20-full-face-cpap-mask-with-memory-foam-plus-5-extra-cushions\/\",\"url\":\"https:\/\/csrsommets.ca\/en\/product\/resmed-airtouch-f20-full-face-cpap-mask-with-memory-foam-plus-5-extra-cushions\/\",\"name\":\"ResMed \u2013 AirTouch\u2122 F20 Full Face CPAP Mask with Memory Foam + 5 Extra Cushions - Clinique de Sant\u00e9 Respiratoire des Sommets\",\"isPartOf\":{\"@id\":\"https:\/\/csrsommets.ca\/en\/#website\"},\"primaryImageOfPage\":{\"@id\":\"https:\/\/csrsommets.ca\/en\/product\/resmed-airtouch-f20-full-face-cpap-mask-with-memory-foam-plus-5-extra-cushions\/#primaryimage\"},\"image\":{\"@id\":\"https:\/\/csrsommets.ca\/en\/product\/resmed-airtouch-f20-full-face-cpap-mask-with-memory-foam-plus-5-extra-cushions\/#primaryimage\"},\"thumbnailUrl\":\"https:\/\/csrsommets.ca\/wp-content\/uploads\/2022\/06\/F20-Touch-Large-5-bulles-2-scaled-e1655828546228.jpg\",\"datePublished\":\"2022-06-16T19:32:10+00:00\",\"dateModified\":\"2025-06-13T14:25:30+00:00\",\"breadcrumb\":{\"@id\":\"https:\/\/csrsommets.ca\/en\/product\/resmed-airtouch-f20-full-face-cpap-mask-with-memory-foam-plus-5-extra-cushions\/#breadcrumb\"},\"inLanguage\":\"en-US\",\"potentialAction\":[{\"@type\":\"ReadAction\",\"target\":[\"https:\/\/csrsommets.ca\/en\/product\/resmed-airtouch-f20-full-face-cpap-mask-with-memory-foam-plus-5-extra-cushions\/\"]}]},{\"@type\":\"ImageObject\",\"inLanguage\":\"en-US\",\"@id\":\"https:\/\/csrsommets.ca\/en\/product\/resmed-airtouch-f20-full-face-cpap-mask-with-memory-foam-plus-5-extra-cushions\/#primaryimage\",\"url\":\"https:\/\/csrsommets.ca\/wp-content\/uploads\/2022\/06\/F20-Touch-Large-5-bulles-2-scaled-e1655828546228.jpg\",\"contentUrl\":\"https:\/\/csrsommets.ca\/wp-content\/uploads\/2022\/06\/F20-Touch-Large-5-bulles-2-scaled-e1655828546228.jpg\",\"width\":1740,\"height\":1657},{\"@type\":\"BreadcrumbList\",\"@id\":\"https:\/\/csrsommets.ca\/en\/product\/resmed-airtouch-f20-full-face-cpap-mask-with-memory-foam-plus-5-extra-cushions\/#breadcrumb\",\"itemListElement\":[{\"@type\":\"ListItem\",\"position\":1,\"name\":\"Accueil\",\"item\":\"https:\/\/csrsommets.ca\/en\/\"},{\"@type\":\"ListItem\",\"position\":2,\"name\":\"Shop\",\"item\":\"https:\/\/csrsommets.ca\/en\/shop\/\"},{\"@type\":\"ListItem\",\"position\":3,\"name\":\"ResMed \u2013 AirTouch\u2122 F20 Full Face CPAP Mask with Memory Foam + 5 Extra Cushions\"}]},{\"@type\":\"WebSite\",\"@id\":\"https:\/\/csrsommets.ca\/en\/#website\",\"url\":\"https:\/\/csrsommets.ca\/en\/\",\"name\":\"Clinique de Sant\u00e9 Respiratoire des Sommets\",\"description\":\"Retrouvez votre vie\",\"publisher\":{\"@id\":\"https:\/\/csrsommets.ca\/en\/#organization\"},\"potentialAction\":[{\"@type\":\"SearchAction\",\"target\":{\"@type\":\"EntryPoint\",\"urlTemplate\":\"https:\/\/csrsommets.ca\/en\/?s={search_term_string}\"},\"query-input\":{\"@type\":\"PropertyValueSpecification\",\"valueRequired\":true,\"valueName\":\"search_term_string\"}}],\"inLanguage\":\"en-US\"},{\"@type\":\"Organization\",\"@id\":\"https:\/\/csrsommets.ca\/en\/#organization\",\"name\":\"Clinique de Sant\u00e9 Respiratoire des Sommets\",\"url\":\"https:\/\/csrsommets.ca\/en\/\",\"logo\":{\"@type\":\"ImageObject\",\"inLanguage\":\"en-US\",\"@id\":\"https:\/\/csrsommets.ca\/en\/#\/schema\/logo\/image\/\",\"url\":\"https:\/\/csrsommets.ca\/wp-content\/uploads\/2021\/10\/clinique-sante-respiratoire-des-sommets_logo.webp\",\"contentUrl\":\"https:\/\/csrsommets.ca\/wp-content\/uploads\/2021\/10\/clinique-sante-respiratoire-des-sommets_logo.webp\",\"width\":793,\"height\":186,\"caption\":\"Clinique de Sant\u00e9 Respiratoire des Sommets\"},\"image\":{\"@id\":\"https:\/\/csrsommets.ca\/en\/#\/schema\/logo\/image\/\"}}]}<\/script>\n<!-- \/ Yoast SEO plugin. -->","yoast_head_json":{"title":"ResMed \u2013 AirTouch\u2122 F20 Full Face CPAP Mask with Memory Foam + 5 Extra Cushions - Clinique de Sant\u00e9 Respiratoire des Sommets","robots":{"index":"index","follow":"follow","max-snippet":"max-snippet:-1","max-image-preview":"max-image-preview:large","max-video-preview":"max-video-preview:-1"},"canonical":"https:\/\/csrsommets.ca\/en\/product\/resmed-airtouch-f20-full-face-cpap-mask-with-memory-foam-plus-5-extra-cushions\/","og_locale":"en_US","og_type":"article","og_title":"ResMed \u2013 AirTouch\u2122 F20 Full Face CPAP Mask with Memory Foam + 5 Extra Cushions - Clinique de Sant\u00e9 Respiratoire des Sommets","og_description":"Offrez-vous un confort in\u00e9gal\u00e9 avec le masque facial AirTouch\u2122 F20 de ResMed. Con\u00e7u avec un coussinet en mousse m\u00e9moire UltraSoft\u2122, ce masque \u00e9pouse d\u00e9licatement les contours du visage pour une \u00e9tanch\u00e9it\u00e9 efficace et une sensation de douceur sup\u00e9rieure. Ce coffret inclut 3 coussinets de rechange, pour prolonger le confort et maintenir une hygi\u00e8ne optimale pendant plusieurs mois. Inclus dans l\u2019ensemble :     1 x Masque facial AirTouch\u2122 F20 avec coussinet en mousse m\u00e9moire    3 x Coussinets en mousse m\u00e9moire UltraSoft\u2122 suppl\u00e9mentaires (m\u00eame taille)   Caract\u00e9ristiques :\u2705 Mousse m\u00e9moire douce qui r\u00e9duit les marques sur le visage\u2705 Adapt\u00e9 aux dormeurs agit\u00e9s ou \u00e0 la peau sensible\u2705 Compatible avec toutes les machines CPAP ResMed dot\u00e9es d\u2019un tuyau standard\u2705 Facile \u00e0 ajuster gr\u00e2ce au harnais intuitif\u2705 \u00c9tanch\u00e9it\u00e9 stable, m\u00eame \u00e0 haute pression Remarque : La mousse m\u00e9moire n\u2019est pas lavable \u2013 remplacement recommand\u00e9 tous les 30 jours environ. &nbsp;","og_url":"https:\/\/csrsommets.ca\/en\/product\/resmed-airtouch-f20-full-face-cpap-mask-with-memory-foam-plus-5-extra-cushions\/","og_site_name":"Clinique de Sant\u00e9 Respiratoire des Sommets","article_modified_time":"2025-06-13T14:25:30+00:00","og_image":[{"width":1740,"height":1657,"url":"https:\/\/csrsommets.ca\/wp-content\/uploads\/2022\/06\/F20-Touch-Large-5-bulles-2-scaled-e1655828546228.jpg","type":"image\/jpeg"}],"twitter_card":"summary_large_image","twitter_misc":{"Est. reading time":"1 minute"},"schema":{"@context":"https:\/\/schema.org","@graph":[{"@type":"WebPage","@id":"https:\/\/csrsommets.ca\/en\/product\/resmed-airtouch-f20-full-face-cpap-mask-with-memory-foam-plus-5-extra-cushions\/","url":"https:\/\/csrsommets.ca\/en\/product\/resmed-airtouch-f20-full-face-cpap-mask-with-memory-foam-plus-5-extra-cushions\/","name":"ResMed \u2013 AirTouch\u2122 F20 Full Face CPAP Mask with Memory Foam + 5 Extra Cushions - Clinique de Sant\u00e9 Respiratoire des Sommets","isPartOf":{"@id":"https:\/\/csrsommets.ca\/en\/#website"},"primaryImageOfPage":{"@id":"https:\/\/csrsommets.ca\/en\/product\/resmed-airtouch-f20-full-face-cpap-mask-with-memory-foam-plus-5-extra-cushions\/#primaryimage"},"image":{"@id":"https:\/\/csrsommets.ca\/en\/product\/resmed-airtouch-f20-full-face-cpap-mask-with-memory-foam-plus-5-extra-cushions\/#primaryimage"},"thumbnailUrl":"https:\/\/csrsommets.ca\/wp-content\/uploads\/2022\/06\/F20-Touch-Large-5-bulles-2-scaled-e1655828546228.jpg","datePublished":"2022-06-16T19:32:10+00:00","dateModified":"2025-06-13T14:25:30+00:00","breadcrumb":{"@id":"https:\/\/csrsommets.ca\/en\/product\/resmed-airtouch-f20-full-face-cpap-mask-with-memory-foam-plus-5-extra-cushions\/#breadcrumb"},"inLanguage":"en-US","potentialAction":[{"@type":"ReadAction","target":["https:\/\/csrsommets.ca\/en\/product\/resmed-airtouch-f20-full-face-cpap-mask-with-memory-foam-plus-5-extra-cushions\/"]}]},{"@type":"ImageObject","inLanguage":"en-US","@id":"https:\/\/csrsommets.ca\/en\/product\/resmed-airtouch-f20-full-face-cpap-mask-with-memory-foam-plus-5-extra-cushions\/#primaryimage","url":"https:\/\/csrsommets.ca\/wp-content\/uploads\/2022\/06\/F20-Touch-Large-5-bulles-2-scaled-e1655828546228.jpg","contentUrl":"https:\/\/csrsommets.ca\/wp-content\/uploads\/2022\/06\/F20-Touch-Large-5-bulles-2-scaled-e1655828546228.jpg","width":1740,"height":1657},{"@type":"BreadcrumbList","@id":"https:\/\/csrsommets.ca\/en\/product\/resmed-airtouch-f20-full-face-cpap-mask-with-memory-foam-plus-5-extra-cushions\/#breadcrumb","itemListElement":[{"@type":"ListItem","position":1,"name":"Accueil","item":"https:\/\/csrsommets.ca\/en\/"},{"@type":"ListItem","position":2,"name":"Shop","item":"https:\/\/csrsommets.ca\/en\/shop\/"},{"@type":"ListItem","position":3,"name":"ResMed \u2013 AirTouch\u2122 F20 Full Face CPAP Mask with Memory Foam + 5 Extra Cushions"}]},{"@type":"WebSite","@id":"https:\/\/csrsommets.ca\/en\/#website","url":"https:\/\/csrsommets.ca\/en\/","name":"Clinique de Sant\u00e9 Respiratoire des Sommets","description":"Retrouvez votre vie","publisher":{"@id":"https:\/\/csrsommets.ca\/en\/#organization"},"potentialAction":[{"@type":"SearchAction","target":{"@type":"EntryPoint","urlTemplate":"https:\/\/csrsommets.ca\/en\/?s={search_term_string}"},"query-input":{"@type":"PropertyValueSpecification","valueRequired":true,"valueName":"search_term_string"}}],"inLanguage":"en-US"},{"@type":"Organization","@id":"https:\/\/csrsommets.ca\/en\/#organization","name":"Clinique de Sant\u00e9 Respiratoire des Sommets","url":"https:\/\/csrsommets.ca\/en\/","logo":{"@type":"ImageObject","inLanguage":"en-US","@id":"https:\/\/csrsommets.ca\/en\/#\/schema\/logo\/image\/","url":"https:\/\/csrsommets.ca\/wp-content\/uploads\/2021\/10\/clinique-sante-respiratoire-des-sommets_logo.webp","contentUrl":"https:\/\/csrsommets.ca\/wp-content\/uploads\/2021\/10\/clinique-sante-respiratoire-des-sommets_logo.webp","width":793,"height":186,"caption":"Clinique de Sant\u00e9 Respiratoire des Sommets"},"image":{"@id":"https:\/\/csrsommets.ca\/en\/#\/schema\/logo\/image\/"}}]}},"_links":{"self":[{"href":"https:\/\/csrsommets.ca\/en\/wp-json\/wp\/v2\/product\/18611","targetHints":{"allow":["GET"]}}],"collection":[{"href":"https:\/\/csrsommets.ca\/en\/wp-json\/wp\/v2\/product"}],"about":[{"href":"https:\/\/csrsommets.ca\/en\/wp-json\/wp\/v2\/types\/product"}],"replies":[{"embeddable":true,"href":"https:\/\/csrsommets.ca\/en\/wp-json\/wp\/v2\/comments?post=18611"}],"wp:featuredmedia":[{"embeddable":true,"href":"https:\/\/csrsommets.ca\/en\/wp-json\/wp\/v2\/media\/13661"}],"wp:attachment":[{"href":"https:\/\/csrsommets.ca\/en\/wp-json\/wp\/v2\/media?parent=18611"}],"wp:term":[{"taxonomy":"product_brand","embeddable":true,"href":"https:\/\/csrsommets.ca\/en\/wp-json\/wp\/v2\/product_brand?post=18611"},{"taxonomy":"product_cat","embeddable":true,"href":"https:\/\/csrsommets.ca\/en\/wp-json\/wp\/v2\/product_cat?post=18611"},{"taxonomy":"product_tag","embeddable":true,"href":"https:\/\/csrsommets.ca\/en\/wp-json\/wp\/v2\/product_tag?post=18611"}],"curies":[{"name":"wp","href":"https:\/\/api.w.org\/{rel}","templated":true}]}}