{"id":18369,"date":"2024-08-29T11:52:32","date_gmt":"2024-08-29T15:52:32","guid":{"rendered":"https:\/\/csrsommets.ca\/product\/masque-facial-f40-de-resmed\/"},"modified":"2025-06-03T14:28:05","modified_gmt":"2025-06-03T18:28:05","slug":"resmed-airfit-f40-full-face-mask","status":"publish","type":"product","link":"https:\/\/csrsommets.ca\/en\/product\/resmed-airfit-f40-full-face-mask\/","title":{"rendered":"Resmed &#8211; AirFit F40 Full Face Mask"},"content":{"rendered":"<p><strong>USER GUIDE: <a href=\"https:\/\/document.resmed.com\/documents\/products\/mask\/airfit-f40\/user-guide\/638361_airfit-f40_user-guide-eur1-multi.pdf\">https:\/\/document.resmed.com\/documents\/products\/mask\/airfit-f40\/user-guide\/638361_airfit-f40_user-guide-eur1-multi.pdf<\/a><\/strong><\/p>\n<p><b>SIZE GUIDE:<\/b>\u00a0<strong><a href=\"https:\/\/document.resmed.com\/documents\/products\/mask\/airfit-f40\/fitting%20guide\/1036419_airfit-f40_fitting-template_glo_eng_digital_mm.pdf\">https:\/\/document.resmed.com\/documents\/products\/mask\/airfit-f40\/fitting%20guide\/1036419_airfit-f40_fitting-template_glo_eng_digital_mm.pdf<\/a><\/strong><\/p>\n<p>&nbsp;<\/p>\n<p>&nbsp;<\/p>\n","protected":false},"excerpt":{"rendered":"<p data-start=\"141\" data-end=\"486\">The <strong data-start=\"145\" data-end=\"174\">ResMed F40 Full Face Mask<\/strong> is the latest innovation in ResMed\u2019s mask lineup, combining exceptional comfort, a lightweight design, and reliable performance. Featuring the soft and flexible <strong data-start=\"336\" data-end=\"368\">AdaptiSeal\u2122 silicone cushion<\/strong> and a minimal under-the-nose frame, it delivers a secure seal with minimal facial contact \u2014 even at higher pressures.<\/p>\n<p data-start=\"488\" data-end=\"759\"><strong data-start=\"488\" data-end=\"505\">Key Features:<\/strong><br data-start=\"505\" data-end=\"508\" \/>\u2705 Soft AdaptiSeal\u2122 cushion for enhanced comfort and flexibility<br data-start=\"571\" data-end=\"574\" \/>\u2705 Under-the-nose design reduces red marks and pressure points<br data-start=\"635\" data-end=\"638\" \/>\u2705 Ultra-light frame for all-night comfort<br data-start=\"679\" data-end=\"682\" \/>\u2705 Intuitive, easy-to-adjust headgear<br data-start=\"718\" data-end=\"721\" \/>\u2705 Compatible with most CPAP machines<\/p>\n<p data-start=\"761\" data-end=\"841\"><strong data-start=\"761\" data-end=\"781\">What\u2019s Included:<\/strong><br data-start=\"781\" data-end=\"784\" \/>\u2714 Complete ResMed F40 mask (frame, cushion, and headgear)<\/p>\n<div class=\"flex basis-auto flex-col -mb-(--composer-overlap-px) [--composer-overlap-px:24px] grow overflow-hidden\">\n<div class=\"relative h-full\">\n<div class=\"flex h-full flex-col overflow-y-auto [scrollbar-gutter:stable_both-edges] @[84rem]\/thread:pt-(--header-height)\">\n<div class=\"@thread-xl\/thread:pt-header-height mt-1.5 flex flex-col text-sm pb-25\">\n<article class=\"text-token-text-primary w-full\" dir=\"auto\" data-testid=\"conversation-turn-78\" data-scroll-anchor=\"true\">\n<div class=\"text-base my-auto mx-auto py-5 [--thread-content-margin:--spacing(4)] @[37rem]:[--thread-content-margin:--spacing(6)] @[72rem]:[--thread-content-margin:--spacing(16)] px-(--thread-content-margin)\">\n<div class=\"[--thread-content-max-width:32rem] @[34rem]:[--thread-content-max-width:40rem] @[64rem]:[--thread-content-max-width:48rem] mx-auto flex max-w-(--thread-content-max-width) flex-1 text-base gap-4 md:gap-5 lg:gap-6 group\/turn-messages focus-visible:outline-hidden\" tabindex=\"-1\">\n<div class=\"group\/conversation-turn relative flex w-full min-w-0 flex-col agent-turn\">\n<div class=\"relative flex-col gap-1 md:gap-3\">\n<div class=\"flex max-w-full flex-col grow\">\n<div class=\"min-h-8 text-message relative flex w-full flex-col items-end gap-2 text-start break-words whitespace-normal [.text-message+&amp;]:mt-5\" dir=\"auto\" data-message-author-role=\"assistant\" data-message-id=\"87c3a4d2-7c58-47ab-83a7-9a0f99d4e01c\" data-message-model-slug=\"gpt-4o\">\n<div class=\"flex w-full flex-col gap-1 empty:hidden first:pt-[3px]\">\n<div class=\"markdown prose dark:prose-invert w-full break-words light\">\n<h3 data-start=\"39\" data-end=\"60\"><strong data-start=\"43\" data-end=\"60\">Safety Notice<\/strong><\/h3>\n<p data-start=\"62\" data-end=\"250\" data-is-last-node=\"\" data-is-only-node=\"\">Before using a mask with magnets, please review the updated safety warning issued by ResMed regarding the use of such masks in the presence of certain medical implants or metallic objects.<\/p>\n<\/div>\n<\/div>\n<\/div>\n<\/div>\n<div class=\"flex min-h-[46px] justify-start\">\n<div class=\"touch:-me-2 touch:-ms-3.5 -ms-2.5 -me-1 flex items-center p-1 select-none -mt-1 w-full duration-[1.5s] focus-within:transition-none hover:transition-none pointer-events-none [mask-image:linear-gradient(to_right,black_33%,transparent_66%)] [mask-size:300%_100%] [mask-position:100%_0%] motion-safe:transition-[mask-position] group-hover\/turn-messages:pointer-events-auto group-hover\/turn-messages:[mask-position:0_0] group-focus-within\/turn-messages:pointer-events-auto group-focus-within\/turn-messages:[mask-position:0_0] has-data-[state=open]:pointer-events-auto has-data-[state=open]:[mask-position:0_0]\">\n<p>&nbsp;<\/p>\n<div class=\"flex items-center\"><span style=\"color: #ff0000;\">. <\/span><a href=\"https:\/\/www.resmed.com\/en-us\/cpap-mask-magnet-clip-guidelines\/\">https:\/\/www.resmed.com\/en-us\/cpap-mask-magnet-clip-guidelines\/<\/a><\/div>\n<\/div>\n<\/div>\n<\/div>\n<\/div>\n<\/div>\n<\/div>\n<\/article>\n<\/div>\n<\/div>\n<\/div>\n<\/div>\n<p>&nbsp;<\/p>\n","protected":false},"featured_media":18332,"comment_status":"open","ping_status":"closed","template":"","meta":[],"product_brand":[],"product_cat":[298,299],"product_tag":[],"class_list":{"0":"post-18369","1":"product","2":"type-product","3":"status-publish","4":"has-post-thumbnail","6":"product_cat-masks","7":"product_cat-full-face-masks","9":"first","10":"instock","11":"product-type-variable"},"yoast_head":"<!-- This site is optimized with the Yoast SEO plugin v24.5 - https:\/\/yoast.com\/wordpress\/plugins\/seo\/ -->\n<title>Resmed - AirFit F40 Full Face Mask - Clinique de Sant\u00e9 Respiratoire des Sommets<\/title>\n<meta name=\"description\" content=\"Masque facial minimaliste de ResMed, misant sur le confort et la performance, comprenant la bulle innovante AdaptiSeal\u2122 et \u00e0 courroie l\u00e9g\u00e8re et flexible.\" \/>\n<meta name=\"robots\" content=\"index, follow, max-snippet:-1, max-image-preview:large, max-video-preview:-1\" \/>\n<link rel=\"canonical\" href=\"https:\/\/csrsommets.ca\/en\/product\/resmed-airfit-f40-full-face-mask\/\" \/>\n<meta property=\"og:locale\" content=\"en_US\" \/>\n<meta property=\"og:type\" content=\"article\" \/>\n<meta property=\"og:title\" content=\"Resmed - AirFit F40 Full Face Mask - Clinique de Sant\u00e9 Respiratoire des Sommets\" \/>\n<meta property=\"og:description\" content=\"Masque facial minimaliste de ResMed, misant sur le confort et la performance, comprenant la bulle innovante AdaptiSeal\u2122 et \u00e0 courroie l\u00e9g\u00e8re et flexible.\" \/>\n<meta property=\"og:url\" content=\"https:\/\/csrsommets.ca\/en\/product\/resmed-airfit-f40-full-face-mask\/\" \/>\n<meta property=\"og:site_name\" content=\"Clinique de Sant\u00e9 Respiratoire des Sommets\" \/>\n<meta property=\"article:modified_time\" content=\"2025-06-03T18:28:05+00:00\" \/>\n<meta property=\"og:image\" content=\"https:\/\/csrsommets.ca\/wp-content\/uploads\/2024\/08\/csrs_produit_masque-facial-f40-resmed-1.webp\" \/>\n\t<meta property=\"og:image:width\" content=\"1600\" \/>\n\t<meta property=\"og:image:height\" content=\"1600\" \/>\n\t<meta property=\"og:image:type\" content=\"image\/webp\" \/>\n<meta name=\"twitter:card\" content=\"summary_large_image\" \/>\n<meta name=\"twitter:label1\" content=\"Est. reading time\" \/>\n\t<meta name=\"twitter:data1\" content=\"1 minute\" \/>\n<script type=\"application\/ld+json\" class=\"yoast-schema-graph\">{\"@context\":\"https:\/\/schema.org\",\"@graph\":[{\"@type\":\"WebPage\",\"@id\":\"https:\/\/csrsommets.ca\/en\/product\/resmed-airfit-f40-full-face-mask\/\",\"url\":\"https:\/\/csrsommets.ca\/en\/product\/resmed-airfit-f40-full-face-mask\/\",\"name\":\"Resmed - AirFit F40 Full Face Mask - Clinique de Sant\u00e9 Respiratoire des Sommets\",\"isPartOf\":{\"@id\":\"https:\/\/csrsommets.ca\/en\/#website\"},\"primaryImageOfPage\":{\"@id\":\"https:\/\/csrsommets.ca\/en\/product\/resmed-airfit-f40-full-face-mask\/#primaryimage\"},\"image\":{\"@id\":\"https:\/\/csrsommets.ca\/en\/product\/resmed-airfit-f40-full-face-mask\/#primaryimage\"},\"thumbnailUrl\":\"https:\/\/csrsommets.ca\/wp-content\/uploads\/2024\/08\/csrs_produit_masque-facial-f40-resmed-1.webp\",\"datePublished\":\"2024-08-29T15:52:32+00:00\",\"dateModified\":\"2025-06-03T18:28:05+00:00\",\"description\":\"Masque facial minimaliste de ResMed, misant sur le confort et la performance, comprenant la bulle innovante AdaptiSeal\u2122 et \u00e0 courroie l\u00e9g\u00e8re et flexible.\",\"breadcrumb\":{\"@id\":\"https:\/\/csrsommets.ca\/en\/product\/resmed-airfit-f40-full-face-mask\/#breadcrumb\"},\"inLanguage\":\"en-US\",\"potentialAction\":[{\"@type\":\"ReadAction\",\"target\":[\"https:\/\/csrsommets.ca\/en\/product\/resmed-airfit-f40-full-face-mask\/\"]}]},{\"@type\":\"ImageObject\",\"inLanguage\":\"en-US\",\"@id\":\"https:\/\/csrsommets.ca\/en\/product\/resmed-airfit-f40-full-face-mask\/#primaryimage\",\"url\":\"https:\/\/csrsommets.ca\/wp-content\/uploads\/2024\/08\/csrs_produit_masque-facial-f40-resmed-1.webp\",\"contentUrl\":\"https:\/\/csrsommets.ca\/wp-content\/uploads\/2024\/08\/csrs_produit_masque-facial-f40-resmed-1.webp\",\"width\":1600,\"height\":1600},{\"@type\":\"BreadcrumbList\",\"@id\":\"https:\/\/csrsommets.ca\/en\/product\/resmed-airfit-f40-full-face-mask\/#breadcrumb\",\"itemListElement\":[{\"@type\":\"ListItem\",\"position\":1,\"name\":\"Accueil\",\"item\":\"https:\/\/csrsommets.ca\/en\/\"},{\"@type\":\"ListItem\",\"position\":2,\"name\":\"Shop\",\"item\":\"https:\/\/csrsommets.ca\/en\/shop\/\"},{\"@type\":\"ListItem\",\"position\":3,\"name\":\"Resmed &#8211; AirFit F40 Full Face Mask\"}]},{\"@type\":\"WebSite\",\"@id\":\"https:\/\/csrsommets.ca\/en\/#website\",\"url\":\"https:\/\/csrsommets.ca\/en\/\",\"name\":\"Clinique de Sant\u00e9 Respiratoire des Sommets\",\"description\":\"Retrouvez votre vie\",\"publisher\":{\"@id\":\"https:\/\/csrsommets.ca\/en\/#organization\"},\"potentialAction\":[{\"@type\":\"SearchAction\",\"target\":{\"@type\":\"EntryPoint\",\"urlTemplate\":\"https:\/\/csrsommets.ca\/en\/?s={search_term_string}\"},\"query-input\":{\"@type\":\"PropertyValueSpecification\",\"valueRequired\":true,\"valueName\":\"search_term_string\"}}],\"inLanguage\":\"en-US\"},{\"@type\":\"Organization\",\"@id\":\"https:\/\/csrsommets.ca\/en\/#organization\",\"name\":\"Clinique de Sant\u00e9 Respiratoire des Sommets\",\"url\":\"https:\/\/csrsommets.ca\/en\/\",\"logo\":{\"@type\":\"ImageObject\",\"inLanguage\":\"en-US\",\"@id\":\"https:\/\/csrsommets.ca\/en\/#\/schema\/logo\/image\/\",\"url\":\"https:\/\/csrsommets.ca\/wp-content\/uploads\/2021\/10\/clinique-sante-respiratoire-des-sommets_logo.webp\",\"contentUrl\":\"https:\/\/csrsommets.ca\/wp-content\/uploads\/2021\/10\/clinique-sante-respiratoire-des-sommets_logo.webp\",\"width\":793,\"height\":186,\"caption\":\"Clinique de Sant\u00e9 Respiratoire des Sommets\"},\"image\":{\"@id\":\"https:\/\/csrsommets.ca\/en\/#\/schema\/logo\/image\/\"}}]}<\/script>\n<!-- \/ Yoast SEO plugin. -->","yoast_head_json":{"title":"Resmed - AirFit F40 Full Face Mask - Clinique de Sant\u00e9 Respiratoire des Sommets","description":"Masque facial minimaliste de ResMed, misant sur le confort et la performance, comprenant la bulle innovante AdaptiSeal\u2122 et \u00e0 courroie l\u00e9g\u00e8re et flexible.","robots":{"index":"index","follow":"follow","max-snippet":"max-snippet:-1","max-image-preview":"max-image-preview:large","max-video-preview":"max-video-preview:-1"},"canonical":"https:\/\/csrsommets.ca\/en\/product\/resmed-airfit-f40-full-face-mask\/","og_locale":"en_US","og_type":"article","og_title":"Resmed - AirFit F40 Full Face Mask - Clinique de Sant\u00e9 Respiratoire des Sommets","og_description":"Masque facial minimaliste de ResMed, misant sur le confort et la performance, comprenant la bulle innovante AdaptiSeal\u2122 et \u00e0 courroie l\u00e9g\u00e8re et flexible.","og_url":"https:\/\/csrsommets.ca\/en\/product\/resmed-airfit-f40-full-face-mask\/","og_site_name":"Clinique de Sant\u00e9 Respiratoire des Sommets","article_modified_time":"2025-06-03T18:28:05+00:00","og_image":[{"width":1600,"height":1600,"url":"https:\/\/csrsommets.ca\/wp-content\/uploads\/2024\/08\/csrs_produit_masque-facial-f40-resmed-1.webp","type":"image\/webp"}],"twitter_card":"summary_large_image","twitter_misc":{"Est. reading time":"1 minute"},"schema":{"@context":"https:\/\/schema.org","@graph":[{"@type":"WebPage","@id":"https:\/\/csrsommets.ca\/en\/product\/resmed-airfit-f40-full-face-mask\/","url":"https:\/\/csrsommets.ca\/en\/product\/resmed-airfit-f40-full-face-mask\/","name":"Resmed - AirFit F40 Full Face Mask - Clinique de Sant\u00e9 Respiratoire des Sommets","isPartOf":{"@id":"https:\/\/csrsommets.ca\/en\/#website"},"primaryImageOfPage":{"@id":"https:\/\/csrsommets.ca\/en\/product\/resmed-airfit-f40-full-face-mask\/#primaryimage"},"image":{"@id":"https:\/\/csrsommets.ca\/en\/product\/resmed-airfit-f40-full-face-mask\/#primaryimage"},"thumbnailUrl":"https:\/\/csrsommets.ca\/wp-content\/uploads\/2024\/08\/csrs_produit_masque-facial-f40-resmed-1.webp","datePublished":"2024-08-29T15:52:32+00:00","dateModified":"2025-06-03T18:28:05+00:00","description":"Masque facial minimaliste de ResMed, misant sur le confort et la performance, comprenant la bulle innovante AdaptiSeal\u2122 et \u00e0 courroie l\u00e9g\u00e8re et flexible.","breadcrumb":{"@id":"https:\/\/csrsommets.ca\/en\/product\/resmed-airfit-f40-full-face-mask\/#breadcrumb"},"inLanguage":"en-US","potentialAction":[{"@type":"ReadAction","target":["https:\/\/csrsommets.ca\/en\/product\/resmed-airfit-f40-full-face-mask\/"]}]},{"@type":"ImageObject","inLanguage":"en-US","@id":"https:\/\/csrsommets.ca\/en\/product\/resmed-airfit-f40-full-face-mask\/#primaryimage","url":"https:\/\/csrsommets.ca\/wp-content\/uploads\/2024\/08\/csrs_produit_masque-facial-f40-resmed-1.webp","contentUrl":"https:\/\/csrsommets.ca\/wp-content\/uploads\/2024\/08\/csrs_produit_masque-facial-f40-resmed-1.webp","width":1600,"height":1600},{"@type":"BreadcrumbList","@id":"https:\/\/csrsommets.ca\/en\/product\/resmed-airfit-f40-full-face-mask\/#breadcrumb","itemListElement":[{"@type":"ListItem","position":1,"name":"Accueil","item":"https:\/\/csrsommets.ca\/en\/"},{"@type":"ListItem","position":2,"name":"Shop","item":"https:\/\/csrsommets.ca\/en\/shop\/"},{"@type":"ListItem","position":3,"name":"Resmed &#8211; AirFit F40 Full Face Mask"}]},{"@type":"WebSite","@id":"https:\/\/csrsommets.ca\/en\/#website","url":"https:\/\/csrsommets.ca\/en\/","name":"Clinique de Sant\u00e9 Respiratoire des Sommets","description":"Retrouvez votre vie","publisher":{"@id":"https:\/\/csrsommets.ca\/en\/#organization"},"potentialAction":[{"@type":"SearchAction","target":{"@type":"EntryPoint","urlTemplate":"https:\/\/csrsommets.ca\/en\/?s={search_term_string}"},"query-input":{"@type":"PropertyValueSpecification","valueRequired":true,"valueName":"search_term_string"}}],"inLanguage":"en-US"},{"@type":"Organization","@id":"https:\/\/csrsommets.ca\/en\/#organization","name":"Clinique de Sant\u00e9 Respiratoire des Sommets","url":"https:\/\/csrsommets.ca\/en\/","logo":{"@type":"ImageObject","inLanguage":"en-US","@id":"https:\/\/csrsommets.ca\/en\/#\/schema\/logo\/image\/","url":"https:\/\/csrsommets.ca\/wp-content\/uploads\/2021\/10\/clinique-sante-respiratoire-des-sommets_logo.webp","contentUrl":"https:\/\/csrsommets.ca\/wp-content\/uploads\/2021\/10\/clinique-sante-respiratoire-des-sommets_logo.webp","width":793,"height":186,"caption":"Clinique de Sant\u00e9 Respiratoire des Sommets"},"image":{"@id":"https:\/\/csrsommets.ca\/en\/#\/schema\/logo\/image\/"}}]}},"_links":{"self":[{"href":"https:\/\/csrsommets.ca\/en\/wp-json\/wp\/v2\/product\/18369","targetHints":{"allow":["GET"]}}],"collection":[{"href":"https:\/\/csrsommets.ca\/en\/wp-json\/wp\/v2\/product"}],"about":[{"href":"https:\/\/csrsommets.ca\/en\/wp-json\/wp\/v2\/types\/product"}],"replies":[{"embeddable":true,"href":"https:\/\/csrsommets.ca\/en\/wp-json\/wp\/v2\/comments?post=18369"}],"wp:featuredmedia":[{"embeddable":true,"href":"https:\/\/csrsommets.ca\/en\/wp-json\/wp\/v2\/media\/18332"}],"wp:attachment":[{"href":"https:\/\/csrsommets.ca\/en\/wp-json\/wp\/v2\/media?parent=18369"}],"wp:term":[{"taxonomy":"product_brand","embeddable":true,"href":"https:\/\/csrsommets.ca\/en\/wp-json\/wp\/v2\/product_brand?post=18369"},{"taxonomy":"product_cat","embeddable":true,"href":"https:\/\/csrsommets.ca\/en\/wp-json\/wp\/v2\/product_cat?post=18369"},{"taxonomy":"product_tag","embeddable":true,"href":"https:\/\/csrsommets.ca\/en\/wp-json\/wp\/v2\/product_tag?post=18369"}],"curies":[{"name":"wp","href":"https:\/\/api.w.org\/{rel}","templated":true}]}}