{"id":17862,"date":"2021-11-18T23:32:20","date_gmt":"2021-11-19T04:32:20","guid":{"rendered":"https:\/\/csrsommets.ca\/product\/best-in-rest-oreiller-pour-cpap-en-mousse-memoire\/"},"modified":"2026-01-20T13:30:39","modified_gmt":"2026-01-20T18:30:39","slug":"best-in-rest-adjustable-3-layer-cpap-pillow","status":"publish","type":"product","link":"https:\/\/csrsommets.ca\/en\/product\/best-in-rest-adjustable-3-layer-cpap-pillow\/","title":{"rendered":"Best in Rest \u2013 Adjustable 3-Layer CPAP Pillow"},"content":{"rendered":"<p data-start=\"547\" data-end=\"844\">The <strong data-start=\"551\" data-end=\"582\">Best in Rest 3-Layer Pillow<\/strong> was developed to meet the unique needs of CPAP users. Its ergonomic design supports the head and neck while minimizing mask interference and air leaks. Ideal for both back and side sleepers, it promotes proper alignment and enhanced comfort during CPAP therapy.<\/p>\n<h3 data-start=\"846\" data-end=\"867\">\ud83d\udd39 Key Features<\/h3>\n<ul data-start=\"868\" data-end=\"1236\">\n<li data-start=\"868\" data-end=\"935\">\n<p data-start=\"870\" data-end=\"935\"><strong data-start=\"870\" data-end=\"899\">Adjustable 3-layer system<\/strong> allows personalized pillow height<\/p>\n<\/li>\n<li data-start=\"936\" data-end=\"1002\">\n<p data-start=\"938\" data-end=\"1002\"><strong data-start=\"938\" data-end=\"966\">High-quality memory foam<\/strong> provides optimal cervical support<\/p>\n<\/li>\n<li data-start=\"1003\" data-end=\"1095\">\n<p data-start=\"1005\" data-end=\"1095\">Side cut-outs designed to <strong data-start=\"1031\" data-end=\"1057\">accommodate CPAP masks<\/strong> (nasal, nasal pillow, or full face)<\/p>\n<\/li>\n<li data-start=\"1096\" data-end=\"1146\">\n<p data-start=\"1098\" data-end=\"1146\">Helps reduce pressure on the mask and headgear<\/p>\n<\/li>\n<li data-start=\"1147\" data-end=\"1196\">\n<p data-start=\"1149\" data-end=\"1196\">Promotes <strong data-start=\"1158\" data-end=\"1194\">natural cervical spine alignment<\/strong><\/p>\n<\/li>\n<li data-start=\"1197\" data-end=\"1236\">\n<p data-start=\"1199\" data-end=\"1236\">Suitable for back and side sleepers<\/p>\n<\/li>\n<\/ul>\n<h3 data-start=\"1238\" data-end=\"1270\">\ud83d\udd39 Benefits for CPAP Users<\/h3>\n<ul data-start=\"1271\" data-end=\"1466\">\n<li data-start=\"1271\" data-end=\"1333\">\n<p data-start=\"1273\" data-end=\"1333\">Helps minimize <strong data-start=\"1288\" data-end=\"1301\">air leaks<\/strong> caused by pillow interference<\/p>\n<\/li>\n<li data-start=\"1334\" data-end=\"1382\">\n<p data-start=\"1336\" data-end=\"1382\">Improves mask stability throughout the night<\/p>\n<\/li>\n<li data-start=\"1383\" data-end=\"1420\">\n<p data-start=\"1385\" data-end=\"1420\">Reduces neck and shoulder tension<\/p>\n<\/li>\n<li data-start=\"1421\" data-end=\"1466\">\n<p data-start=\"1423\" data-end=\"1466\">Supports better <strong data-start=\"1439\" data-end=\"1466\">CPAP therapy compliance<\/strong><\/p>\n<\/li>\n<\/ul>\n<h3 data-start=\"1468\" data-end=\"1498\">\ud83d\udd39 Practical Information<\/h3>\n<ul data-start=\"1499\" data-end=\"1638\">\n<li data-start=\"1499\" data-end=\"1566\">\n<p data-start=\"1501\" data-end=\"1566\">Adjustable configuration to suit individual comfort preferences<\/p>\n<\/li>\n<li data-start=\"1567\" data-end=\"1606\">\n<p data-start=\"1569\" data-end=\"1606\">Soft, removable, and washable cover<\/p>\n<\/li>\n<li data-start=\"1607\" data-end=\"1638\">\n<p data-start=\"1609\" data-end=\"1638\">Ideal for everyday home use<\/p>\n<\/li>\n<\/ul>\n","protected":false},"excerpt":{"rendered":"<p>The <strong data-start=\"240\" data-end=\"276\">Best in Rest 3-Layer CPAP Pillow<\/strong> is specifically designed for CPAP users. Its adjustable height and memory foam construction help reduce mask pressure, improve cervical alignment, and provide a more stable and comfortable sleep throughout the night.<\/p>\n","protected":false},"featured_media":13061,"comment_status":"open","ping_status":"closed","template":"","meta":[],"product_brand":[],"product_cat":[321,323],"product_tag":[],"class_list":{"0":"post-17862","1":"product","2":"type-product","3":"status-publish","4":"has-post-thumbnail","6":"product_cat-wellness","7":"product_cat-postural-cushions-pillows-and-covers","9":"first","10":"instock","11":"purchasable","12":"product-type-variable"},"yoast_head":"<!-- This site is optimized with the Yoast SEO plugin v24.5 - https:\/\/yoast.com\/wordpress\/plugins\/seo\/ -->\n<title>Best in Rest \u2013 Adjustable 3-Layer CPAP Pillow - Clinique de Sant\u00e9 Respiratoire des Sommets<\/title>\n<meta name=\"description\" content=\"Votre oreiller ergonomique de choix pour CPAP, offrant un confort optimal et un soutien incomparable. Id\u00e9al pour un sommeil de qualit\u00e9, \u00e0 prix imbattable.\" \/>\n<meta name=\"robots\" content=\"index, follow, max-snippet:-1, max-image-preview:large, max-video-preview:-1\" \/>\n<link rel=\"canonical\" href=\"https:\/\/csrsommets.ca\/en\/product\/best-in-rest-adjustable-3-layer-cpap-pillow\/\" \/>\n<meta property=\"og:locale\" content=\"en_US\" \/>\n<meta property=\"og:type\" content=\"article\" \/>\n<meta property=\"og:title\" content=\"Best in Rest \u2013 Adjustable 3-Layer CPAP Pillow - Clinique de Sant\u00e9 Respiratoire des Sommets\" \/>\n<meta property=\"og:description\" content=\"Votre oreiller ergonomique de choix pour CPAP, offrant un confort optimal et un soutien incomparable. Id\u00e9al pour un sommeil de qualit\u00e9, \u00e0 prix imbattable.\" \/>\n<meta property=\"og:url\" content=\"https:\/\/csrsommets.ca\/en\/product\/best-in-rest-adjustable-3-layer-cpap-pillow\/\" \/>\n<meta property=\"og:site_name\" content=\"Clinique de Sant\u00e9 Respiratoire des Sommets\" \/>\n<meta property=\"article:modified_time\" content=\"2026-01-20T18:30:39+00:00\" \/>\n<meta property=\"og:image\" content=\"https:\/\/csrsommets.ca\/wp-content\/uploads\/2021\/11\/PB040272.jpg\" \/>\n\t<meta property=\"og:image:width\" content=\"1428\" \/>\n\t<meta property=\"og:image:height\" content=\"1428\" \/>\n\t<meta property=\"og:image:type\" content=\"image\/jpeg\" \/>\n<meta name=\"twitter:card\" content=\"summary_large_image\" \/>\n<meta name=\"twitter:label1\" content=\"Est. reading time\" \/>\n\t<meta name=\"twitter:data1\" content=\"1 minute\" \/>\n<script type=\"application\/ld+json\" class=\"yoast-schema-graph\">{\"@context\":\"https:\/\/schema.org\",\"@graph\":[{\"@type\":\"WebPage\",\"@id\":\"https:\/\/csrsommets.ca\/en\/product\/best-in-rest-adjustable-3-layer-cpap-pillow\/\",\"url\":\"https:\/\/csrsommets.ca\/en\/product\/best-in-rest-adjustable-3-layer-cpap-pillow\/\",\"name\":\"Best in Rest \u2013 Adjustable 3-Layer CPAP Pillow - Clinique de Sant\u00e9 Respiratoire des Sommets\",\"isPartOf\":{\"@id\":\"https:\/\/csrsommets.ca\/en\/#website\"},\"primaryImageOfPage\":{\"@id\":\"https:\/\/csrsommets.ca\/en\/product\/best-in-rest-adjustable-3-layer-cpap-pillow\/#primaryimage\"},\"image\":{\"@id\":\"https:\/\/csrsommets.ca\/en\/product\/best-in-rest-adjustable-3-layer-cpap-pillow\/#primaryimage\"},\"thumbnailUrl\":\"https:\/\/csrsommets.ca\/wp-content\/uploads\/2021\/11\/PB040272.jpg\",\"datePublished\":\"2021-11-19T04:32:20+00:00\",\"dateModified\":\"2026-01-20T18:30:39+00:00\",\"description\":\"Votre oreiller ergonomique de choix pour CPAP, offrant un confort optimal et un soutien incomparable. Id\u00e9al pour un sommeil de qualit\u00e9, \u00e0 prix imbattable.\",\"breadcrumb\":{\"@id\":\"https:\/\/csrsommets.ca\/en\/product\/best-in-rest-adjustable-3-layer-cpap-pillow\/#breadcrumb\"},\"inLanguage\":\"en-US\",\"potentialAction\":[{\"@type\":\"ReadAction\",\"target\":[\"https:\/\/csrsommets.ca\/en\/product\/best-in-rest-adjustable-3-layer-cpap-pillow\/\"]}]},{\"@type\":\"ImageObject\",\"inLanguage\":\"en-US\",\"@id\":\"https:\/\/csrsommets.ca\/en\/product\/best-in-rest-adjustable-3-layer-cpap-pillow\/#primaryimage\",\"url\":\"https:\/\/csrsommets.ca\/wp-content\/uploads\/2021\/11\/PB040272.jpg\",\"contentUrl\":\"https:\/\/csrsommets.ca\/wp-content\/uploads\/2021\/11\/PB040272.jpg\",\"width\":1428,\"height\":1428},{\"@type\":\"BreadcrumbList\",\"@id\":\"https:\/\/csrsommets.ca\/en\/product\/best-in-rest-adjustable-3-layer-cpap-pillow\/#breadcrumb\",\"itemListElement\":[{\"@type\":\"ListItem\",\"position\":1,\"name\":\"Accueil\",\"item\":\"https:\/\/csrsommets.ca\/en\/\"},{\"@type\":\"ListItem\",\"position\":2,\"name\":\"Shop\",\"item\":\"https:\/\/csrsommets.ca\/en\/shop\/\"},{\"@type\":\"ListItem\",\"position\":3,\"name\":\"Best in Rest \u2013 Adjustable 3-Layer CPAP Pillow\"}]},{\"@type\":\"WebSite\",\"@id\":\"https:\/\/csrsommets.ca\/en\/#website\",\"url\":\"https:\/\/csrsommets.ca\/en\/\",\"name\":\"Clinique de Sant\u00e9 Respiratoire des Sommets\",\"description\":\"Retrouvez votre vie\",\"publisher\":{\"@id\":\"https:\/\/csrsommets.ca\/en\/#organization\"},\"potentialAction\":[{\"@type\":\"SearchAction\",\"target\":{\"@type\":\"EntryPoint\",\"urlTemplate\":\"https:\/\/csrsommets.ca\/en\/?s={search_term_string}\"},\"query-input\":{\"@type\":\"PropertyValueSpecification\",\"valueRequired\":true,\"valueName\":\"search_term_string\"}}],\"inLanguage\":\"en-US\"},{\"@type\":\"Organization\",\"@id\":\"https:\/\/csrsommets.ca\/en\/#organization\",\"name\":\"Clinique de Sant\u00e9 Respiratoire des Sommets\",\"url\":\"https:\/\/csrsommets.ca\/en\/\",\"logo\":{\"@type\":\"ImageObject\",\"inLanguage\":\"en-US\",\"@id\":\"https:\/\/csrsommets.ca\/en\/#\/schema\/logo\/image\/\",\"url\":\"https:\/\/csrsommets.ca\/wp-content\/uploads\/2021\/10\/clinique-sante-respiratoire-des-sommets_logo.webp\",\"contentUrl\":\"https:\/\/csrsommets.ca\/wp-content\/uploads\/2021\/10\/clinique-sante-respiratoire-des-sommets_logo.webp\",\"width\":793,\"height\":186,\"caption\":\"Clinique de Sant\u00e9 Respiratoire des Sommets\"},\"image\":{\"@id\":\"https:\/\/csrsommets.ca\/en\/#\/schema\/logo\/image\/\"}}]}<\/script>\n<!-- \/ Yoast SEO plugin. -->","yoast_head_json":{"title":"Best in Rest \u2013 Adjustable 3-Layer CPAP Pillow - Clinique de Sant\u00e9 Respiratoire des Sommets","description":"Votre oreiller ergonomique de choix pour CPAP, offrant un confort optimal et un soutien incomparable. Id\u00e9al pour un sommeil de qualit\u00e9, \u00e0 prix imbattable.","robots":{"index":"index","follow":"follow","max-snippet":"max-snippet:-1","max-image-preview":"max-image-preview:large","max-video-preview":"max-video-preview:-1"},"canonical":"https:\/\/csrsommets.ca\/en\/product\/best-in-rest-adjustable-3-layer-cpap-pillow\/","og_locale":"en_US","og_type":"article","og_title":"Best in Rest \u2013 Adjustable 3-Layer CPAP Pillow - Clinique de Sant\u00e9 Respiratoire des Sommets","og_description":"Votre oreiller ergonomique de choix pour CPAP, offrant un confort optimal et un soutien incomparable. Id\u00e9al pour un sommeil de qualit\u00e9, \u00e0 prix imbattable.","og_url":"https:\/\/csrsommets.ca\/en\/product\/best-in-rest-adjustable-3-layer-cpap-pillow\/","og_site_name":"Clinique de Sant\u00e9 Respiratoire des Sommets","article_modified_time":"2026-01-20T18:30:39+00:00","og_image":[{"width":1428,"height":1428,"url":"https:\/\/csrsommets.ca\/wp-content\/uploads\/2021\/11\/PB040272.jpg","type":"image\/jpeg"}],"twitter_card":"summary_large_image","twitter_misc":{"Est. reading time":"1 minute"},"schema":{"@context":"https:\/\/schema.org","@graph":[{"@type":"WebPage","@id":"https:\/\/csrsommets.ca\/en\/product\/best-in-rest-adjustable-3-layer-cpap-pillow\/","url":"https:\/\/csrsommets.ca\/en\/product\/best-in-rest-adjustable-3-layer-cpap-pillow\/","name":"Best in Rest \u2013 Adjustable 3-Layer CPAP Pillow - Clinique de Sant\u00e9 Respiratoire des Sommets","isPartOf":{"@id":"https:\/\/csrsommets.ca\/en\/#website"},"primaryImageOfPage":{"@id":"https:\/\/csrsommets.ca\/en\/product\/best-in-rest-adjustable-3-layer-cpap-pillow\/#primaryimage"},"image":{"@id":"https:\/\/csrsommets.ca\/en\/product\/best-in-rest-adjustable-3-layer-cpap-pillow\/#primaryimage"},"thumbnailUrl":"https:\/\/csrsommets.ca\/wp-content\/uploads\/2021\/11\/PB040272.jpg","datePublished":"2021-11-19T04:32:20+00:00","dateModified":"2026-01-20T18:30:39+00:00","description":"Votre oreiller ergonomique de choix pour CPAP, offrant un confort optimal et un soutien incomparable. Id\u00e9al pour un sommeil de qualit\u00e9, \u00e0 prix imbattable.","breadcrumb":{"@id":"https:\/\/csrsommets.ca\/en\/product\/best-in-rest-adjustable-3-layer-cpap-pillow\/#breadcrumb"},"inLanguage":"en-US","potentialAction":[{"@type":"ReadAction","target":["https:\/\/csrsommets.ca\/en\/product\/best-in-rest-adjustable-3-layer-cpap-pillow\/"]}]},{"@type":"ImageObject","inLanguage":"en-US","@id":"https:\/\/csrsommets.ca\/en\/product\/best-in-rest-adjustable-3-layer-cpap-pillow\/#primaryimage","url":"https:\/\/csrsommets.ca\/wp-content\/uploads\/2021\/11\/PB040272.jpg","contentUrl":"https:\/\/csrsommets.ca\/wp-content\/uploads\/2021\/11\/PB040272.jpg","width":1428,"height":1428},{"@type":"BreadcrumbList","@id":"https:\/\/csrsommets.ca\/en\/product\/best-in-rest-adjustable-3-layer-cpap-pillow\/#breadcrumb","itemListElement":[{"@type":"ListItem","position":1,"name":"Accueil","item":"https:\/\/csrsommets.ca\/en\/"},{"@type":"ListItem","position":2,"name":"Shop","item":"https:\/\/csrsommets.ca\/en\/shop\/"},{"@type":"ListItem","position":3,"name":"Best in Rest \u2013 Adjustable 3-Layer CPAP Pillow"}]},{"@type":"WebSite","@id":"https:\/\/csrsommets.ca\/en\/#website","url":"https:\/\/csrsommets.ca\/en\/","name":"Clinique de Sant\u00e9 Respiratoire des Sommets","description":"Retrouvez votre vie","publisher":{"@id":"https:\/\/csrsommets.ca\/en\/#organization"},"potentialAction":[{"@type":"SearchAction","target":{"@type":"EntryPoint","urlTemplate":"https:\/\/csrsommets.ca\/en\/?s={search_term_string}"},"query-input":{"@type":"PropertyValueSpecification","valueRequired":true,"valueName":"search_term_string"}}],"inLanguage":"en-US"},{"@type":"Organization","@id":"https:\/\/csrsommets.ca\/en\/#organization","name":"Clinique de Sant\u00e9 Respiratoire des Sommets","url":"https:\/\/csrsommets.ca\/en\/","logo":{"@type":"ImageObject","inLanguage":"en-US","@id":"https:\/\/csrsommets.ca\/en\/#\/schema\/logo\/image\/","url":"https:\/\/csrsommets.ca\/wp-content\/uploads\/2021\/10\/clinique-sante-respiratoire-des-sommets_logo.webp","contentUrl":"https:\/\/csrsommets.ca\/wp-content\/uploads\/2021\/10\/clinique-sante-respiratoire-des-sommets_logo.webp","width":793,"height":186,"caption":"Clinique de Sant\u00e9 Respiratoire des Sommets"},"image":{"@id":"https:\/\/csrsommets.ca\/en\/#\/schema\/logo\/image\/"}}]}},"_links":{"self":[{"href":"https:\/\/csrsommets.ca\/en\/wp-json\/wp\/v2\/product\/17862","targetHints":{"allow":["GET"]}}],"collection":[{"href":"https:\/\/csrsommets.ca\/en\/wp-json\/wp\/v2\/product"}],"about":[{"href":"https:\/\/csrsommets.ca\/en\/wp-json\/wp\/v2\/types\/product"}],"replies":[{"embeddable":true,"href":"https:\/\/csrsommets.ca\/en\/wp-json\/wp\/v2\/comments?post=17862"}],"wp:featuredmedia":[{"embeddable":true,"href":"https:\/\/csrsommets.ca\/en\/wp-json\/wp\/v2\/media\/13061"}],"wp:attachment":[{"href":"https:\/\/csrsommets.ca\/en\/wp-json\/wp\/v2\/media?parent=17862"}],"wp:term":[{"taxonomy":"product_brand","embeddable":true,"href":"https:\/\/csrsommets.ca\/en\/wp-json\/wp\/v2\/product_brand?post=17862"},{"taxonomy":"product_cat","embeddable":true,"href":"https:\/\/csrsommets.ca\/en\/wp-json\/wp\/v2\/product_cat?post=17862"},{"taxonomy":"product_tag","embeddable":true,"href":"https:\/\/csrsommets.ca\/en\/wp-json\/wp\/v2\/product_tag?post=17862"}],"curies":[{"name":"wp","href":"https:\/\/api.w.org\/{rel}","templated":true}]}}